{"id":627,"date":"2017-02-11T06:50:39","date_gmt":"2017-02-11T06:50:39","guid":{"rendered":"http:\/\/www.waituk.com\/entrada\/modern\/product\/city-tours-around-europe\/"},"modified":"2022-01-27T19:01:08","modified_gmt":"2022-01-27T19:01:08","slug":"city-tours-in-europe","status":"publish","type":"product","link":"https:\/\/luisdonyel.com\/viajes\/producto\/city-tours-in-europe\/","title":{"rendered":"Salkantay Trek A Machu Picchu &#8211; La Ruta De Los Dioses"},"content":{"rendered":"<p><span style=\"font-weight: 400;\">En Salkantay Trek vivir\u00e1s uno de los 25 mejores recorridos del mundo, acompa\u00f1ado de visitas a lugares espectaculares como la Laguna Humantay, Machu Picchu, entre otros, as\u00ed como podr\u00e1s dormir debajo de los espectaculares domos con vistas incre\u00edbles.\u00a0<\/span><\/p>\n","protected":false},"excerpt":{"rendered":"<p>&nbsp;<\/p>\n<p>&nbsp;<\/p>\n","protected":false},"featured_media":6472,"comment_status":"open","ping_status":"closed","template":"","meta":{"om_disable_all_campaigns":false,"_monsterinsights_skip_tracking":false,"_monsterinsights_sitenote_active":false,"_monsterinsights_sitenote_note":"","_monsterinsights_sitenote_category":0},"product_cat":[81],"product_tag":[],"_links":{"self":[{"href":"https:\/\/luisdonyel.com\/viajes\/wp-json\/wp\/v2\/product\/627"}],"collection":[{"href":"https:\/\/luisdonyel.com\/viajes\/wp-json\/wp\/v2\/product"}],"about":[{"href":"https:\/\/luisdonyel.com\/viajes\/wp-json\/wp\/v2\/types\/product"}],"replies":[{"embeddable":true,"href":"https:\/\/luisdonyel.com\/viajes\/wp-json\/wp\/v2\/comments?post=627"}],"wp:featuredmedia":[{"embeddable":true,"href":"https:\/\/luisdonyel.com\/viajes\/wp-json\/wp\/v2\/media\/6472"}],"wp:attachment":[{"href":"https:\/\/luisdonyel.com\/viajes\/wp-json\/wp\/v2\/media?parent=627"}],"wp:term":[{"taxonomy":"product_cat","embeddable":true,"href":"https:\/\/luisdonyel.com\/viajes\/wp-json\/wp\/v2\/product_cat?post=627"},{"taxonomy":"product_tag","embeddable":true,"href":"https:\/\/luisdonyel.com\/viajes\/wp-json\/wp\/v2\/product_tag?post=627"}],"curies":[{"name":"wp","href":"https:\/\/api.w.org\/{rel}","templated":true}]}}