{"id":623,"date":"2016-05-11T06:17:47","date_gmt":"2016-05-11T06:17:47","guid":{"rendered":"http:\/\/www.waituk.com\/entrada\/modern\/product\/mountain-biking-trip\/"},"modified":"2022-02-07T21:26:20","modified_gmt":"2022-02-07T21:26:20","slug":"aventura-costa-rica","status":"publish","type":"product","link":"https:\/\/luisdonyel.com\/viajes\/producto\/aventura-costa-rica\/","title":{"rendered":"Aventura en Costa Rica"},"content":{"rendered":"<p><span style=\"font-weight: 400;\">En Aventura en <\/span><span style=\"font-weight: 400;\">Costa Rica vivir\u00e1s una tierra de volcanes, bosques h\u00famedos y nubosos, enormes cataratas y r\u00edos caudalosos; donde vivir\u00e1s grandes actividades como rafting, senderismo, snorkel y m\u00e1s.\u00a0<\/span><\/p>\n","protected":false},"excerpt":{"rendered":"<p>En Aventura en Costa Rica vivir\u00e1s una tierra de volcanes, bosques h\u00famedos y nubosos, enormes cataratas y r\u00edos caudalosos; donde vivir\u00e1s grandes actividades como rafting, senderismo, snorkel y m\u00e1s.\u00a0<\/p>\n","protected":false},"featured_media":6407,"comment_status":"open","ping_status":"closed","template":"","meta":{"om_disable_all_campaigns":false,"_monsterinsights_skip_tracking":false,"_monsterinsights_sitenote_active":false,"_monsterinsights_sitenote_note":"","_monsterinsights_sitenote_category":0},"product_cat":[81],"product_tag":[],"_links":{"self":[{"href":"https:\/\/luisdonyel.com\/viajes\/wp-json\/wp\/v2\/product\/623"}],"collection":[{"href":"https:\/\/luisdonyel.com\/viajes\/wp-json\/wp\/v2\/product"}],"about":[{"href":"https:\/\/luisdonyel.com\/viajes\/wp-json\/wp\/v2\/types\/product"}],"replies":[{"embeddable":true,"href":"https:\/\/luisdonyel.com\/viajes\/wp-json\/wp\/v2\/comments?post=623"}],"wp:featuredmedia":[{"embeddable":true,"href":"https:\/\/luisdonyel.com\/viajes\/wp-json\/wp\/v2\/media\/6407"}],"wp:attachment":[{"href":"https:\/\/luisdonyel.com\/viajes\/wp-json\/wp\/v2\/media?parent=623"}],"wp:term":[{"taxonomy":"product_cat","embeddable":true,"href":"https:\/\/luisdonyel.com\/viajes\/wp-json\/wp\/v2\/product_cat?post=623"},{"taxonomy":"product_tag","embeddable":true,"href":"https:\/\/luisdonyel.com\/viajes\/wp-json\/wp\/v2\/product_tag?post=623"}],"curies":[{"name":"wp","href":"https:\/\/api.w.org\/{rel}","templated":true}]}}