{"id":6081,"date":"2021-12-15T22:42:57","date_gmt":"2021-12-15T22:42:57","guid":{"rendered":"https:\/\/luisdonyel.com\/viajes\/?post_type=product&#038;p=6081"},"modified":"2022-01-28T19:35:41","modified_gmt":"2022-01-28T19:35:41","slug":"oaxaca-al-estilo-mezcal","status":"publish","type":"product","link":"https:\/\/luisdonyel.com\/viajes\/producto\/oaxaca-al-estilo-mezcal\/","title":{"rendered":"Oaxaca al estilo mezcal"},"content":{"rendered":"<p><span style=\"font-weight: 400;\">Visitando pueblos y mezcales, Monte Alb\u00e1n imperio Zapoteca y Capul\u00e1lpam Pueblo m\u00e1gico.<\/span><\/p>\n","protected":false},"excerpt":{"rendered":"<p>Visitando pueblos y mezcales, Monte Alb\u00e1n imperio Zapoteca y Capul\u00e1lpam Pueblo m\u00e1gico.<\/p>\n","protected":false},"featured_media":6830,"comment_status":"open","ping_status":"closed","template":"","meta":{"om_disable_all_campaigns":false,"_monsterinsights_skip_tracking":false,"_monsterinsights_sitenote_active":false,"_monsterinsights_sitenote_note":"","_monsterinsights_sitenote_category":0},"product_cat":[92],"product_tag":[],"_links":{"self":[{"href":"https:\/\/luisdonyel.com\/viajes\/wp-json\/wp\/v2\/product\/6081"}],"collection":[{"href":"https:\/\/luisdonyel.com\/viajes\/wp-json\/wp\/v2\/product"}],"about":[{"href":"https:\/\/luisdonyel.com\/viajes\/wp-json\/wp\/v2\/types\/product"}],"replies":[{"embeddable":true,"href":"https:\/\/luisdonyel.com\/viajes\/wp-json\/wp\/v2\/comments?post=6081"}],"wp:featuredmedia":[{"embeddable":true,"href":"https:\/\/luisdonyel.com\/viajes\/wp-json\/wp\/v2\/media\/6830"}],"wp:attachment":[{"href":"https:\/\/luisdonyel.com\/viajes\/wp-json\/wp\/v2\/media?parent=6081"}],"wp:term":[{"taxonomy":"product_cat","embeddable":true,"href":"https:\/\/luisdonyel.com\/viajes\/wp-json\/wp\/v2\/product_cat?post=6081"},{"taxonomy":"product_tag","embeddable":true,"href":"https:\/\/luisdonyel.com\/viajes\/wp-json\/wp\/v2\/product_tag?post=6081"}],"curies":[{"name":"wp","href":"https:\/\/api.w.org\/{rel}","templated":true}]}}