{"id":6080,"date":"2021-12-15T22:43:22","date_gmt":"2021-12-15T22:43:22","guid":{"rendered":"https:\/\/luisdonyel.com\/viajes\/?post_type=product&#038;p=6080"},"modified":"2022-01-28T19:29:14","modified_gmt":"2022-01-28T19:29:14","slug":"descubre-yucatan","status":"publish","type":"product","link":"https:\/\/luisdonyel.com\/viajes\/producto\/descubre-yucatan\/","title":{"rendered":"Descubre Yucat\u00e1n"},"content":{"rendered":"<p><span style=\"font-weight: 400;\">Paseo por la Ciudad, Zona Arqueol\u00f3gica de Uxmal y Chichen Itz\u00e1, Museo de Chocolate, Comida t\u00edpica y probaditas Yucatecas, Santuario de Vida Tsuk\u00e1n, Izamal y experiencia en Haciendas Henequeneras.<\/span><\/p>\n","protected":false},"excerpt":{"rendered":"<p>Paseo por la Ciudad, Zona Arqueol\u00f3gica de Uxmal y Chichen Itz\u00e1, Museo de Chocolate, Comida t\u00edpica y probaditas Yucatecas, Santuario de Vida Tsuk\u00e1n, Izamal y experiencia en Haciendas Henequeneras.<\/p>\n","protected":false},"featured_media":6819,"comment_status":"open","ping_status":"closed","template":"","meta":{"om_disable_all_campaigns":false,"_monsterinsights_skip_tracking":false,"_monsterinsights_sitenote_active":false,"_monsterinsights_sitenote_note":"","_monsterinsights_sitenote_category":0},"product_cat":[92],"product_tag":[],"_links":{"self":[{"href":"https:\/\/luisdonyel.com\/viajes\/wp-json\/wp\/v2\/product\/6080"}],"collection":[{"href":"https:\/\/luisdonyel.com\/viajes\/wp-json\/wp\/v2\/product"}],"about":[{"href":"https:\/\/luisdonyel.com\/viajes\/wp-json\/wp\/v2\/types\/product"}],"replies":[{"embeddable":true,"href":"https:\/\/luisdonyel.com\/viajes\/wp-json\/wp\/v2\/comments?post=6080"}],"wp:featuredmedia":[{"embeddable":true,"href":"https:\/\/luisdonyel.com\/viajes\/wp-json\/wp\/v2\/media\/6819"}],"wp:attachment":[{"href":"https:\/\/luisdonyel.com\/viajes\/wp-json\/wp\/v2\/media?parent=6080"}],"wp:term":[{"taxonomy":"product_cat","embeddable":true,"href":"https:\/\/luisdonyel.com\/viajes\/wp-json\/wp\/v2\/product_cat?post=6080"},{"taxonomy":"product_tag","embeddable":true,"href":"https:\/\/luisdonyel.com\/viajes\/wp-json\/wp\/v2\/product_tag?post=6080"}],"curies":[{"name":"wp","href":"https:\/\/api.w.org\/{rel}","templated":true}]}}