{"id":6078,"date":"2021-12-15T22:38:19","date_gmt":"2021-12-15T22:38:19","guid":{"rendered":"https:\/\/luisdonyel.com\/viajes\/?post_type=product&#038;p=6078"},"modified":"2022-01-28T19:25:02","modified_gmt":"2022-01-28T19:25:02","slug":"ascenso-al-volcan-de-pico-de-orizaba-desde-cdmx","status":"publish","type":"product","link":"https:\/\/luisdonyel.com\/viajes\/producto\/ascenso-al-volcan-de-pico-de-orizaba-desde-cdmx\/","title":{"rendered":"Ascenso al volc\u00e1n de Pico de Orizaba desde CDMX"},"content":{"rendered":"<p><span style=\"font-weight: 400;\">Subir\u00e1s a la monta\u00f1a m\u00e1s alta de M\u00e9xico.<\/span><\/p>\n","protected":false},"excerpt":{"rendered":"<p>Subir\u00e1s a la monta\u00f1a m\u00e1s alta de M\u00e9xico.<\/p>\n","protected":false},"featured_media":6808,"comment_status":"open","ping_status":"closed","template":"","meta":{"om_disable_all_campaigns":false,"_monsterinsights_skip_tracking":false,"_monsterinsights_sitenote_active":false,"_monsterinsights_sitenote_note":"","_monsterinsights_sitenote_category":0},"product_cat":[81],"product_tag":[],"_links":{"self":[{"href":"https:\/\/luisdonyel.com\/viajes\/wp-json\/wp\/v2\/product\/6078"}],"collection":[{"href":"https:\/\/luisdonyel.com\/viajes\/wp-json\/wp\/v2\/product"}],"about":[{"href":"https:\/\/luisdonyel.com\/viajes\/wp-json\/wp\/v2\/types\/product"}],"replies":[{"embeddable":true,"href":"https:\/\/luisdonyel.com\/viajes\/wp-json\/wp\/v2\/comments?post=6078"}],"wp:featuredmedia":[{"embeddable":true,"href":"https:\/\/luisdonyel.com\/viajes\/wp-json\/wp\/v2\/media\/6808"}],"wp:attachment":[{"href":"https:\/\/luisdonyel.com\/viajes\/wp-json\/wp\/v2\/media?parent=6078"}],"wp:term":[{"taxonomy":"product_cat","embeddable":true,"href":"https:\/\/luisdonyel.com\/viajes\/wp-json\/wp\/v2\/product_cat?post=6078"},{"taxonomy":"product_tag","embeddable":true,"href":"https:\/\/luisdonyel.com\/viajes\/wp-json\/wp\/v2\/product_tag?post=6078"}],"curies":[{"name":"wp","href":"https:\/\/api.w.org\/{rel}","templated":true}]}}