{"id":6075,"date":"2021-12-15T22:28:10","date_gmt":"2021-12-15T22:28:10","guid":{"rendered":"https:\/\/luisdonyel.com\/viajes\/?post_type=product&#038;p=6075"},"modified":"2022-01-28T21:43:24","modified_gmt":"2022-01-28T21:43:24","slug":"chiapas-a-tu-alcance-ll","status":"publish","type":"product","link":"https:\/\/luisdonyel.com\/viajes\/producto\/chiapas-a-tu-alcance-ll\/","title":{"rendered":"Chiapas a tu alcance ll"},"content":{"rendered":"<p><span style=\"font-weight: 400;\">D\u00e9jate impresionar por el gran Ca\u00f1\u00f3n del Sumidero, donde adem\u00e1s de este recorrido presenciaras las m\u00e1s incre\u00edbles cascadas y al finalizar un recorrido arqueol\u00f3gico.<\/span><\/p>\n","protected":false},"excerpt":{"rendered":"<p>D\u00e9jate impresionar por el gran Ca\u00f1\u00f3n del Sumidero, donde adem\u00e1s de este recorrido presenciaras las m\u00e1s incre\u00edbles cascadas y al finalizar un recorrido arqueol\u00f3gico.<\/p>\n","protected":false},"featured_media":6885,"comment_status":"open","ping_status":"closed","template":"","meta":{"om_disable_all_campaigns":false,"_monsterinsights_skip_tracking":false,"_monsterinsights_sitenote_active":false,"_monsterinsights_sitenote_note":"","_monsterinsights_sitenote_category":0},"product_cat":[49],"product_tag":[],"_links":{"self":[{"href":"https:\/\/luisdonyel.com\/viajes\/wp-json\/wp\/v2\/product\/6075"}],"collection":[{"href":"https:\/\/luisdonyel.com\/viajes\/wp-json\/wp\/v2\/product"}],"about":[{"href":"https:\/\/luisdonyel.com\/viajes\/wp-json\/wp\/v2\/types\/product"}],"replies":[{"embeddable":true,"href":"https:\/\/luisdonyel.com\/viajes\/wp-json\/wp\/v2\/comments?post=6075"}],"wp:featuredmedia":[{"embeddable":true,"href":"https:\/\/luisdonyel.com\/viajes\/wp-json\/wp\/v2\/media\/6885"}],"wp:attachment":[{"href":"https:\/\/luisdonyel.com\/viajes\/wp-json\/wp\/v2\/media?parent=6075"}],"wp:term":[{"taxonomy":"product_cat","embeddable":true,"href":"https:\/\/luisdonyel.com\/viajes\/wp-json\/wp\/v2\/product_cat?post=6075"},{"taxonomy":"product_tag","embeddable":true,"href":"https:\/\/luisdonyel.com\/viajes\/wp-json\/wp\/v2\/product_tag?post=6075"}],"curies":[{"name":"wp","href":"https:\/\/api.w.org\/{rel}","templated":true}]}}