{"id":6074,"date":"2021-12-15T22:23:37","date_gmt":"2021-12-15T22:23:37","guid":{"rendered":"https:\/\/luisdonyel.com\/viajes\/?post_type=product&#038;p=6074"},"modified":"2022-01-28T21:47:12","modified_gmt":"2022-01-28T21:47:12","slug":"de-los-agaves-al-cerro-del-cubilete","status":"publish","type":"product","link":"https:\/\/luisdonyel.com\/viajes\/producto\/de-los-agaves-al-cerro-del-cubilete\/","title":{"rendered":"De los Agaves al Cerro del Cubilete"},"content":{"rendered":"<p><span style=\"font-weight: 400;\">Tequila Tierra del Agave &#8211; Destiler\u00eda \u201cLa Roje\u00f1a\u201d de Jos\u00e9 Cuervo Viaje a Bordo del Tren que s\u00ed va a Tequila en el Viaje M\u00e1s Representativo de M\u00e9xico por el Paisaje Agavero, Partiendo desde Guadalajara hacia El Pueblo de las Tradiciones, Museo de las Momias, Monumento al Pipila, Recorrido por los Tuneles, Zona de la Valencia, Callejoneada, Ruta de la Independencia Dolores Hidalgo, Atotonilco, San Miguel de Allende, Cerro del Cubilete<\/span><\/p>\n","protected":false},"excerpt":{"rendered":"<p>Tequila Tierra del Agave &#8211; Destiler\u00eda \u201cLa Roje\u00f1a\u201d de Jos\u00e9 Cuervo Viaje a Bordo del Tren que s\u00ed va a Tequila en el Viaje M\u00e1s Representativo de M\u00e9xico por el Paisaje Agavero, Partiendo desde Guadalajara hacia El Pueblo de las Tradiciones, Museo de las Momias, Monumento al Pipila, Recorrido por los Tuneles, Zona de la [&hellip;]<\/p>\n","protected":false},"featured_media":6901,"comment_status":"open","ping_status":"closed","template":"","meta":{"om_disable_all_campaigns":false,"_monsterinsights_skip_tracking":false,"_monsterinsights_sitenote_active":false,"_monsterinsights_sitenote_note":"","_monsterinsights_sitenote_category":0},"product_cat":[49],"product_tag":[],"_links":{"self":[{"href":"https:\/\/luisdonyel.com\/viajes\/wp-json\/wp\/v2\/product\/6074"}],"collection":[{"href":"https:\/\/luisdonyel.com\/viajes\/wp-json\/wp\/v2\/product"}],"about":[{"href":"https:\/\/luisdonyel.com\/viajes\/wp-json\/wp\/v2\/types\/product"}],"replies":[{"embeddable":true,"href":"https:\/\/luisdonyel.com\/viajes\/wp-json\/wp\/v2\/comments?post=6074"}],"wp:featuredmedia":[{"embeddable":true,"href":"https:\/\/luisdonyel.com\/viajes\/wp-json\/wp\/v2\/media\/6901"}],"wp:attachment":[{"href":"https:\/\/luisdonyel.com\/viajes\/wp-json\/wp\/v2\/media?parent=6074"}],"wp:term":[{"taxonomy":"product_cat","embeddable":true,"href":"https:\/\/luisdonyel.com\/viajes\/wp-json\/wp\/v2\/product_cat?post=6074"},{"taxonomy":"product_tag","embeddable":true,"href":"https:\/\/luisdonyel.com\/viajes\/wp-json\/wp\/v2\/product_tag?post=6074"}],"curies":[{"name":"wp","href":"https:\/\/api.w.org\/{rel}","templated":true}]}}