{"id":6073,"date":"2021-12-15T22:15:32","date_gmt":"2021-12-15T22:15:32","guid":{"rendered":"https:\/\/luisdonyel.com\/viajes\/?post_type=product&#038;p=6073"},"modified":"2022-01-28T21:53:31","modified_gmt":"2022-01-28T21:53:31","slug":"acampa-y-explora-la-isla-espiritu-santo-en-kayak-y-snorkel","status":"publish","type":"product","link":"https:\/\/luisdonyel.com\/viajes\/producto\/acampa-y-explora-la-isla-espiritu-santo-en-kayak-y-snorkel\/","title":{"rendered":"Acampa y Explora la isla Esp\u00edritu Santo en kayak y snorkel"},"content":{"rendered":"<p><span style=\"font-weight: 400;\">Practica snorkel con tibur\u00f3n ballena, el pez m\u00e1s grande del mundo.<\/span><\/p>\n<p><span style=\"font-weight: 400;\">Divi\u00e9rtete en kayak por la bah\u00eda el Candelero y Playa Ballena.<\/span><\/p>\n<p><span style=\"font-weight: 400;\">Acampa en el Parque Nacional Isla Esp\u00edritu Santo.<\/span><\/p>\n<p><span style=\"font-weight: 400;\">Nada con lobos marinos.<\/span><\/p>\n","protected":false},"excerpt":{"rendered":"<p>Practica snorkel con tibur\u00f3n ballena, el pez m\u00e1s grande del mundo. Divi\u00e9rtete en kayak por la bah\u00eda el Candelero y Playa Ballena. Acampa en el Parque Nacional Isla Esp\u00edritu Santo. Nada con lobos marinos.<\/p>\n","protected":false},"featured_media":6917,"comment_status":"open","ping_status":"closed","template":"","meta":{"om_disable_all_campaigns":false,"_monsterinsights_skip_tracking":false,"_monsterinsights_sitenote_active":false,"_monsterinsights_sitenote_note":"","_monsterinsights_sitenote_category":0},"product_cat":[105],"product_tag":[],"_links":{"self":[{"href":"https:\/\/luisdonyel.com\/viajes\/wp-json\/wp\/v2\/product\/6073"}],"collection":[{"href":"https:\/\/luisdonyel.com\/viajes\/wp-json\/wp\/v2\/product"}],"about":[{"href":"https:\/\/luisdonyel.com\/viajes\/wp-json\/wp\/v2\/types\/product"}],"replies":[{"embeddable":true,"href":"https:\/\/luisdonyel.com\/viajes\/wp-json\/wp\/v2\/comments?post=6073"}],"wp:featuredmedia":[{"embeddable":true,"href":"https:\/\/luisdonyel.com\/viajes\/wp-json\/wp\/v2\/media\/6917"}],"wp:attachment":[{"href":"https:\/\/luisdonyel.com\/viajes\/wp-json\/wp\/v2\/media?parent=6073"}],"wp:term":[{"taxonomy":"product_cat","embeddable":true,"href":"https:\/\/luisdonyel.com\/viajes\/wp-json\/wp\/v2\/product_cat?post=6073"},{"taxonomy":"product_tag","embeddable":true,"href":"https:\/\/luisdonyel.com\/viajes\/wp-json\/wp\/v2\/product_tag?post=6073"}],"curies":[{"name":"wp","href":"https:\/\/api.w.org\/{rel}","templated":true}]}}