{"id":5878,"date":"2021-12-09T17:22:38","date_gmt":"2021-12-09T17:22:38","guid":{"rendered":"https:\/\/luisdonyel.com\/viajes\/?post_type=product&#038;p=5878"},"modified":"2022-01-28T19:05:36","modified_gmt":"2022-01-28T19:05:36","slug":"tailandia-intro-grupo-en-espanol","status":"publish","type":"product","link":"https:\/\/luisdonyel.com\/viajes\/producto\/tailandia-intro-grupo-en-espanol\/","title":{"rendered":"Tailandia Intro-Grupo en Espa\u00f1ol"},"content":{"rendered":"<p><span style=\"font-weight: 400;\">Es la combinaci\u00f3n perfecta de conocer templos antiguos, su fascinante cultura y vivir incre\u00edbles experiencias gastron\u00f3micas, para terminar en un paseo en kayak. <\/span><\/p>\n","protected":false},"excerpt":{"rendered":"<p>Es la combinaci\u00f3n perfecta de conocer templos antiguos, su fascinante cultura y vivir incre\u00edbles experiencias gastron\u00f3micas, para terminar en un paseo en kayak.<\/p>\n","protected":false},"featured_media":6775,"comment_status":"open","ping_status":"closed","template":"","meta":{"om_disable_all_campaigns":false,"_monsterinsights_skip_tracking":false,"_monsterinsights_sitenote_active":false,"_monsterinsights_sitenote_note":"","_monsterinsights_sitenote_category":0},"product_cat":[105],"product_tag":[],"_links":{"self":[{"href":"https:\/\/luisdonyel.com\/viajes\/wp-json\/wp\/v2\/product\/5878"}],"collection":[{"href":"https:\/\/luisdonyel.com\/viajes\/wp-json\/wp\/v2\/product"}],"about":[{"href":"https:\/\/luisdonyel.com\/viajes\/wp-json\/wp\/v2\/types\/product"}],"replies":[{"embeddable":true,"href":"https:\/\/luisdonyel.com\/viajes\/wp-json\/wp\/v2\/comments?post=5878"}],"wp:featuredmedia":[{"embeddable":true,"href":"https:\/\/luisdonyel.com\/viajes\/wp-json\/wp\/v2\/media\/6775"}],"wp:attachment":[{"href":"https:\/\/luisdonyel.com\/viajes\/wp-json\/wp\/v2\/media?parent=5878"}],"wp:term":[{"taxonomy":"product_cat","embeddable":true,"href":"https:\/\/luisdonyel.com\/viajes\/wp-json\/wp\/v2\/product_cat?post=5878"},{"taxonomy":"product_tag","embeddable":true,"href":"https:\/\/luisdonyel.com\/viajes\/wp-json\/wp\/v2\/product_tag?post=5878"}],"curies":[{"name":"wp","href":"https:\/\/api.w.org\/{rel}","templated":true}]}}