{"id":5876,"date":"2021-12-09T17:14:13","date_gmt":"2021-12-09T17:14:13","guid":{"rendered":"https:\/\/luisdonyel.com\/viajes\/?post_type=product&#038;p=5876"},"modified":"2022-01-28T19:19:22","modified_gmt":"2022-01-28T19:19:22","slug":"admira-bariloche-ciudad-turistica-de-la-patagonia-argentina","status":"publish","type":"product","link":"https:\/\/luisdonyel.com\/viajes\/producto\/admira-bariloche-ciudad-turistica-de-la-patagonia-argentina\/","title":{"rendered":"Admira Bariloche, ciudad tur\u00edstica de la Patagonia Argentina"},"content":{"rendered":"<p><span style=\"font-weight: 400;\">Admira Bariloche, Ciudad Tur\u00edstica De La Patagonia Argentina, donde disfrutar\u00e1s de incre\u00edbles paisajes donde podr\u00e1s tomar incre\u00edbles fotos.\u00a0<\/span><\/p>\n","protected":false},"excerpt":{"rendered":"<p>Admira Bariloche, Ciudad Tur\u00edstica De La Patagonia Argentina, donde disfrutar\u00e1s de incre\u00edbles paisajes donde podr\u00e1s tomar incre\u00edbles fotos.\u00a0<\/p>\n","protected":false},"featured_media":6797,"comment_status":"open","ping_status":"closed","template":"","meta":{"om_disable_all_campaigns":false,"_monsterinsights_skip_tracking":false,"_monsterinsights_sitenote_active":false,"_monsterinsights_sitenote_note":"","_monsterinsights_sitenote_category":0},"product_cat":[105],"product_tag":[],"_links":{"self":[{"href":"https:\/\/luisdonyel.com\/viajes\/wp-json\/wp\/v2\/product\/5876"}],"collection":[{"href":"https:\/\/luisdonyel.com\/viajes\/wp-json\/wp\/v2\/product"}],"about":[{"href":"https:\/\/luisdonyel.com\/viajes\/wp-json\/wp\/v2\/types\/product"}],"replies":[{"embeddable":true,"href":"https:\/\/luisdonyel.com\/viajes\/wp-json\/wp\/v2\/comments?post=5876"}],"wp:featuredmedia":[{"embeddable":true,"href":"https:\/\/luisdonyel.com\/viajes\/wp-json\/wp\/v2\/media\/6797"}],"wp:attachment":[{"href":"https:\/\/luisdonyel.com\/viajes\/wp-json\/wp\/v2\/media?parent=5876"}],"wp:term":[{"taxonomy":"product_cat","embeddable":true,"href":"https:\/\/luisdonyel.com\/viajes\/wp-json\/wp\/v2\/product_cat?post=5876"},{"taxonomy":"product_tag","embeddable":true,"href":"https:\/\/luisdonyel.com\/viajes\/wp-json\/wp\/v2\/product_tag?post=5876"}],"curies":[{"name":"wp","href":"https:\/\/api.w.org\/{rel}","templated":true}]}}