{"id":5871,"date":"2021-12-08T18:59:07","date_gmt":"2021-12-08T18:59:07","guid":{"rendered":"https:\/\/luisdonyel.com\/viajes\/?post_type=product&#038;p=5871"},"modified":"2022-01-27T20:55:33","modified_gmt":"2022-01-27T20:55:33","slug":"peru-cultural-cusco-y-sitios-incas","status":"publish","type":"product","link":"https:\/\/luisdonyel.com\/viajes\/producto\/peru-cultural-cusco-y-sitios-incas\/","title":{"rendered":"Per\u00fa Cultural: Cusco y sitios Incas"},"content":{"rendered":"<p><span style=\"font-weight: 400;\">Visitar\u00e1s lugares emblem\u00e1ticos, llenos de cultura, tradici\u00f3n, gastronom\u00eda y sorprendentes historias hasta llegar a Machu Picchu.<\/span><\/p>\n","protected":false},"excerpt":{"rendered":"<p>Visitar\u00e1s lugares emblem\u00e1ticos, llenos de cultura, tradici\u00f3n, gastronom\u00eda y sorprendentes historias hasta llegar a Machu Picchu.<\/p>\n","protected":false},"featured_media":6659,"comment_status":"open","ping_status":"closed","template":"","meta":{"om_disable_all_campaigns":false,"_monsterinsights_skip_tracking":false,"_monsterinsights_sitenote_active":false,"_monsterinsights_sitenote_note":"","_monsterinsights_sitenote_category":0},"product_cat":[49],"product_tag":[],"_links":{"self":[{"href":"https:\/\/luisdonyel.com\/viajes\/wp-json\/wp\/v2\/product\/5871"}],"collection":[{"href":"https:\/\/luisdonyel.com\/viajes\/wp-json\/wp\/v2\/product"}],"about":[{"href":"https:\/\/luisdonyel.com\/viajes\/wp-json\/wp\/v2\/types\/product"}],"replies":[{"embeddable":true,"href":"https:\/\/luisdonyel.com\/viajes\/wp-json\/wp\/v2\/comments?post=5871"}],"wp:featuredmedia":[{"embeddable":true,"href":"https:\/\/luisdonyel.com\/viajes\/wp-json\/wp\/v2\/media\/6659"}],"wp:attachment":[{"href":"https:\/\/luisdonyel.com\/viajes\/wp-json\/wp\/v2\/media?parent=5871"}],"wp:term":[{"taxonomy":"product_cat","embeddable":true,"href":"https:\/\/luisdonyel.com\/viajes\/wp-json\/wp\/v2\/product_cat?post=5871"},{"taxonomy":"product_tag","embeddable":true,"href":"https:\/\/luisdonyel.com\/viajes\/wp-json\/wp\/v2\/product_tag?post=5871"}],"curies":[{"name":"wp","href":"https:\/\/api.w.org\/{rel}","templated":true}]}}