{"id":5868,"date":"2021-12-08T18:37:10","date_gmt":"2021-12-08T18:37:10","guid":{"rendered":"https:\/\/luisdonyel.com\/viajes\/?post_type=product&#038;p=5868"},"modified":"2022-01-28T18:46:59","modified_gmt":"2022-01-28T18:46:59","slug":"lo-mejor-de-peru-cusco-machu-picchu-laguna-humantay","status":"publish","type":"product","link":"https:\/\/luisdonyel.com\/viajes\/producto\/lo-mejor-de-peru-cusco-machu-picchu-laguna-humantay\/","title":{"rendered":"Lo mejor de Per\u00fa: Cusco-Machu Picchu-Laguna Humantay"},"content":{"rendered":"<p><span style=\"font-weight: 400;\">Visitar\u00e1s Cusco, Machu Picchu, la Monta\u00f1a de 7 colores, la Laguna Humantay y m\u00e1s.<\/span><\/p>\n","protected":false},"excerpt":{"rendered":"<p>Visitar\u00e1s Cusco, Machu Picchu, la Monta\u00f1a de 7 colores, la Laguna Humantay y m\u00e1s.<\/p>\n","protected":false},"featured_media":6742,"comment_status":"open","ping_status":"closed","template":"","meta":{"om_disable_all_campaigns":false,"_monsterinsights_skip_tracking":false,"_monsterinsights_sitenote_active":false,"_monsterinsights_sitenote_note":"","_monsterinsights_sitenote_category":0},"product_cat":[59],"product_tag":[],"_links":{"self":[{"href":"https:\/\/luisdonyel.com\/viajes\/wp-json\/wp\/v2\/product\/5868"}],"collection":[{"href":"https:\/\/luisdonyel.com\/viajes\/wp-json\/wp\/v2\/product"}],"about":[{"href":"https:\/\/luisdonyel.com\/viajes\/wp-json\/wp\/v2\/types\/product"}],"replies":[{"embeddable":true,"href":"https:\/\/luisdonyel.com\/viajes\/wp-json\/wp\/v2\/comments?post=5868"}],"wp:featuredmedia":[{"embeddable":true,"href":"https:\/\/luisdonyel.com\/viajes\/wp-json\/wp\/v2\/media\/6742"}],"wp:attachment":[{"href":"https:\/\/luisdonyel.com\/viajes\/wp-json\/wp\/v2\/media?parent=5868"}],"wp:term":[{"taxonomy":"product_cat","embeddable":true,"href":"https:\/\/luisdonyel.com\/viajes\/wp-json\/wp\/v2\/product_cat?post=5868"},{"taxonomy":"product_tag","embeddable":true,"href":"https:\/\/luisdonyel.com\/viajes\/wp-json\/wp\/v2\/product_tag?post=5868"}],"curies":[{"name":"wp","href":"https:\/\/api.w.org\/{rel}","templated":true}]}}