{"id":499,"date":"2016-05-04T17:33:13","date_gmt":"2016-05-04T17:33:13","guid":{"rendered":"http:\/\/www.waituk.com\/entrada\/modern\/product\/paris-city-tour\/"},"modified":"2022-01-27T19:37:03","modified_gmt":"2022-01-27T19:37:03","slug":"paris-city-tour","status":"publish","type":"product","link":"https:\/\/luisdonyel.com\/viajes\/producto\/paris-city-tour\/","title":{"rendered":"Espa\u00f1a Gourmet"},"content":{"rendered":"<p><span style=\"font-weight: 400;\">En Espa\u00f1a Gourmet degustaras gastronom\u00eda local, as\u00ed como iras a uno de los restaurantes m\u00e1s prestigiosos de la regi\u00f3n. <\/span><\/p>\n","protected":false},"excerpt":{"rendered":"<p>En Espa\u00f1a Gourmet degustaras gastronom\u00eda local, as\u00ed como iras a uno de los restaurantes m\u00e1s prestigiosos de la regi\u00f3n.<\/p>\n","protected":false},"featured_media":6554,"comment_status":"open","ping_status":"closed","template":"","meta":{"om_disable_all_campaigns":false,"_monsterinsights_skip_tracking":false,"_monsterinsights_sitenote_active":false,"_monsterinsights_sitenote_note":"","_monsterinsights_sitenote_category":0},"product_cat":[92],"product_tag":[],"_links":{"self":[{"href":"https:\/\/luisdonyel.com\/viajes\/wp-json\/wp\/v2\/product\/499"}],"collection":[{"href":"https:\/\/luisdonyel.com\/viajes\/wp-json\/wp\/v2\/product"}],"about":[{"href":"https:\/\/luisdonyel.com\/viajes\/wp-json\/wp\/v2\/types\/product"}],"replies":[{"embeddable":true,"href":"https:\/\/luisdonyel.com\/viajes\/wp-json\/wp\/v2\/comments?post=499"}],"wp:featuredmedia":[{"embeddable":true,"href":"https:\/\/luisdonyel.com\/viajes\/wp-json\/wp\/v2\/media\/6554"}],"wp:attachment":[{"href":"https:\/\/luisdonyel.com\/viajes\/wp-json\/wp\/v2\/media?parent=499"}],"wp:term":[{"taxonomy":"product_cat","embeddable":true,"href":"https:\/\/luisdonyel.com\/viajes\/wp-json\/wp\/v2\/product_cat?post=499"},{"taxonomy":"product_tag","embeddable":true,"href":"https:\/\/luisdonyel.com\/viajes\/wp-json\/wp\/v2\/product_tag?post=499"}],"curies":[{"name":"wp","href":"https:\/\/api.w.org\/{rel}","templated":true}]}}