{"id":477,"date":"2016-05-04T08:57:54","date_gmt":"2016-05-04T08:57:54","guid":{"rendered":"http:\/\/www.waituk.com\/entrada\/modern\/product\/day-tour-to-autumn-highland\/"},"modified":"2022-01-27T19:41:35","modified_gmt":"2022-01-27T19:41:35","slug":"day-tour-of-highland","status":"publish","type":"product","link":"https:\/\/luisdonyel.com\/viajes\/producto\/day-tour-of-highland\/","title":{"rendered":"Con Aroma de Caf\u00e9"},"content":{"rendered":"<p><span style=\"font-weight: 400;\">Con Aroma de Caf\u00e9 te llevar\u00e1 a una experiencia <\/span><span style=\"font-weight: 400;\">donde aprender\u00e1s acerca del proceso del Caf\u00e9 en compa\u00f1\u00eda de un experto local,<\/span><span style=\"font-weight: 400;\"> as\u00ed como tendr\u00e1s oportunidad de disfrutar inigualables experiencias gastron\u00f3micas.<\/span><\/p>\n","protected":false},"excerpt":{"rendered":"<p>&nbsp;<\/p>\n<p>&nbsp;<\/p>\n<p>&nbsp;<\/p>\n<p>&nbsp;<\/p>\n<p>&nbsp;<\/p>\n","protected":false},"featured_media":6569,"comment_status":"open","ping_status":"closed","template":"","meta":{"om_disable_all_campaigns":false,"_monsterinsights_skip_tracking":false,"_monsterinsights_sitenote_active":false,"_monsterinsights_sitenote_note":"","_monsterinsights_sitenote_category":0},"product_cat":[102],"product_tag":[],"_links":{"self":[{"href":"https:\/\/luisdonyel.com\/viajes\/wp-json\/wp\/v2\/product\/477"}],"collection":[{"href":"https:\/\/luisdonyel.com\/viajes\/wp-json\/wp\/v2\/product"}],"about":[{"href":"https:\/\/luisdonyel.com\/viajes\/wp-json\/wp\/v2\/types\/product"}],"replies":[{"embeddable":true,"href":"https:\/\/luisdonyel.com\/viajes\/wp-json\/wp\/v2\/comments?post=477"}],"wp:featuredmedia":[{"embeddable":true,"href":"https:\/\/luisdonyel.com\/viajes\/wp-json\/wp\/v2\/media\/6569"}],"wp:attachment":[{"href":"https:\/\/luisdonyel.com\/viajes\/wp-json\/wp\/v2\/media?parent=477"}],"wp:term":[{"taxonomy":"product_cat","embeddable":true,"href":"https:\/\/luisdonyel.com\/viajes\/wp-json\/wp\/v2\/product_cat?post=477"},{"taxonomy":"product_tag","embeddable":true,"href":"https:\/\/luisdonyel.com\/viajes\/wp-json\/wp\/v2\/product_tag?post=477"}],"curies":[{"name":"wp","href":"https:\/\/api.w.org\/{rel}","templated":true}]}}