{"id":389,"date":"2016-05-02T21:21:15","date_gmt":"2016-05-02T21:21:15","guid":{"rendered":"http:\/\/www.waituk.com\/entrada\/modern\/product\/hiking-trip-to-mountain-x\/"},"modified":"2022-01-27T19:53:23","modified_gmt":"2022-01-27T19:53:23","slug":"hiking-trip-to-mountain-x","status":"publish","type":"product","link":"https:\/\/luisdonyel.com\/viajes\/producto\/hiking-trip-to-mountain-x\/","title":{"rendered":"Conexi\u00f3n Natural"},"content":{"rendered":"<p><span style=\"font-weight: 400;\">En Manizales, podr\u00e1s desconectarte del exterior y disfrutar de unos d\u00edas de conexi\u00f3n natural para descansar y si eres amante del caf\u00e9 tendr\u00e1s la oportunidad de conocer un poco m\u00e1s sobre \u00e9l. <\/span><\/p>\n","protected":false},"excerpt":{"rendered":"<p>En Manizales, podr\u00e1s desconectarte del exterior y disfrutar de unos d\u00edas de conexi\u00f3n natural para descansar y si eres amante del caf\u00e9 tendr\u00e1s la oportunidad de conocer un poco m\u00e1s sobre \u00e9l.<\/p>\n","protected":false},"featured_media":6601,"comment_status":"open","ping_status":"closed","template":"","meta":{"om_disable_all_campaigns":false,"_monsterinsights_skip_tracking":false,"_monsterinsights_sitenote_active":false,"_monsterinsights_sitenote_note":"","_monsterinsights_sitenote_category":0},"product_cat":[102],"product_tag":[],"_links":{"self":[{"href":"https:\/\/luisdonyel.com\/viajes\/wp-json\/wp\/v2\/product\/389"}],"collection":[{"href":"https:\/\/luisdonyel.com\/viajes\/wp-json\/wp\/v2\/product"}],"about":[{"href":"https:\/\/luisdonyel.com\/viajes\/wp-json\/wp\/v2\/types\/product"}],"replies":[{"embeddable":true,"href":"https:\/\/luisdonyel.com\/viajes\/wp-json\/wp\/v2\/comments?post=389"}],"wp:featuredmedia":[{"embeddable":true,"href":"https:\/\/luisdonyel.com\/viajes\/wp-json\/wp\/v2\/media\/6601"}],"wp:attachment":[{"href":"https:\/\/luisdonyel.com\/viajes\/wp-json\/wp\/v2\/media?parent=389"}],"wp:term":[{"taxonomy":"product_cat","embeddable":true,"href":"https:\/\/luisdonyel.com\/viajes\/wp-json\/wp\/v2\/product_cat?post=389"},{"taxonomy":"product_tag","embeddable":true,"href":"https:\/\/luisdonyel.com\/viajes\/wp-json\/wp\/v2\/product_tag?post=389"}],"curies":[{"name":"wp","href":"https:\/\/api.w.org\/{rel}","templated":true}]}}