{"id":270,"date":"2016-04-23T06:29:33","date_gmt":"2016-04-23T06:29:33","guid":{"rendered":"http:\/\/www.waituk.com\/entrada\/modern\/product\/discovery-tour-of-hidden-island\/"},"modified":"2022-01-27T19:58:58","modified_gmt":"2022-01-27T19:58:58","slug":"tour-of-hidden-island","status":"publish","type":"product","link":"https:\/\/luisdonyel.com\/viajes\/producto\/tour-of-hidden-island\/","title":{"rendered":"Hawaii: 3 islas"},"content":{"rendered":"<p><span style=\"font-weight: 400;\">Explorar\u00e1s estas alucinantes islas desde su historia, hasta realizar actividades totalmente diferentes, as\u00ed como disfrutar\u00e1s de paisajes incre\u00edbles y grandes momentos de relaci\u00f3n.\u00a0<\/span><\/p>\n","protected":false},"excerpt":{"rendered":"<p>Explorar\u00e1s estas alucinantes islas desde su historia, hasta realizar actividades totalmente diferentes, as\u00ed como disfrutar\u00e1s de paisajes incre\u00edbles y grandes momentos de relaci\u00f3n.\u00a0<\/p>\n","protected":false},"featured_media":6623,"comment_status":"open","ping_status":"closed","template":"","meta":{"om_disable_all_campaigns":false,"_monsterinsights_skip_tracking":false,"_monsterinsights_sitenote_active":false,"_monsterinsights_sitenote_note":"","_monsterinsights_sitenote_category":0},"product_cat":[102],"product_tag":[],"_links":{"self":[{"href":"https:\/\/luisdonyel.com\/viajes\/wp-json\/wp\/v2\/product\/270"}],"collection":[{"href":"https:\/\/luisdonyel.com\/viajes\/wp-json\/wp\/v2\/product"}],"about":[{"href":"https:\/\/luisdonyel.com\/viajes\/wp-json\/wp\/v2\/types\/product"}],"replies":[{"embeddable":true,"href":"https:\/\/luisdonyel.com\/viajes\/wp-json\/wp\/v2\/comments?post=270"}],"wp:featuredmedia":[{"embeddable":true,"href":"https:\/\/luisdonyel.com\/viajes\/wp-json\/wp\/v2\/media\/6623"}],"wp:attachment":[{"href":"https:\/\/luisdonyel.com\/viajes\/wp-json\/wp\/v2\/media?parent=270"}],"wp:term":[{"taxonomy":"product_cat","embeddable":true,"href":"https:\/\/luisdonyel.com\/viajes\/wp-json\/wp\/v2\/product_cat?post=270"},{"taxonomy":"product_tag","embeddable":true,"href":"https:\/\/luisdonyel.com\/viajes\/wp-json\/wp\/v2\/product_tag?post=270"}],"curies":[{"name":"wp","href":"https:\/\/api.w.org\/{rel}","templated":true}]}}