{"id":7853,"date":"2022-03-01T19:43:58","date_gmt":"2022-03-01T19:43:58","guid":{"rendered":"https:\/\/luisdonyel.com\/viajes\/?page_id=7853"},"modified":"2022-03-01T20:04:34","modified_gmt":"2022-03-01T20:04:34","slug":"navieras-de-lujo","status":"publish","type":"page","link":"https:\/\/luisdonyel.com\/viajes\/navieras-de-lujo\/","title":{"rendered":"Navieras de Lujo"},"content":{"rendered":"\t\t<div data-elementor-type=\"wp-page\" data-elementor-id=\"7853\" class=\"elementor elementor-7853\" data-elementor-settings=\"[]\">\n\t\t\t\t\t\t\t<div class=\"elementor-section-wrap\">\n\t\t\t\t\t\t\t<section class=\"elementor-section elementor-top-section elementor-element elementor-element-ff524fc elementor-section-content-middle elementor-reverse-mobile elementor-section-boxed elementor-section-height-default elementor-section-height-default\" data-id=\"ff524fc\" data-element_type=\"section\">\n\t\t\t\t\t\t<div class=\"elementor-container elementor-column-gap-no\">\n\t\t\t\t\t<div class=\"elementor-column elementor-col-50 elementor-top-column elementor-element elementor-element-2c43518\" data-id=\"2c43518\" data-element_type=\"column\">\n\t\t\t<div class=\"elementor-widget-wrap elementor-element-populated\">\n\t\t\t\t\t\t\t\t<div class=\"elementor-element elementor-element-18da119 elementor-widget elementor-widget-text-editor\" data-id=\"18da119\" data-element_type=\"widget\" data-widget_type=\"text-editor.default\">\n\t\t\t\t<div class=\"elementor-widget-container\">\n\t\t\t<style>\/*! elementor - v3.5.6 - 28-02-2022 *\/\n.elementor-widget-text-editor.elementor-drop-cap-view-stacked .elementor-drop-cap{background-color:#818a91;color:#fff}.elementor-widget-text-editor.elementor-drop-cap-view-framed .elementor-drop-cap{color:#818a91;border:3px solid;background-color:transparent}.elementor-widget-text-editor:not(.elementor-drop-cap-view-default) .elementor-drop-cap{margin-top:8px}.elementor-widget-text-editor:not(.elementor-drop-cap-view-default) .elementor-drop-cap-letter{width:1em;height:1em}.elementor-widget-text-editor .elementor-drop-cap{float:left;text-align:center;line-height:1;font-size:50px}.elementor-widget-text-editor .elementor-drop-cap-letter{display:inline-block}<\/style>\t\t\t\t<p>Cruceros<\/p>\t\t\t\t\t\t<\/div>\n\t\t\t\t<\/div>\n\t\t\t\t<div class=\"elementor-element elementor-element-b5ffbd0 elementor-widget elementor-widget-heading\" data-id=\"b5ffbd0\" data-element_type=\"widget\" data-widget_type=\"heading.default\">\n\t\t\t\t<div class=\"elementor-widget-container\">\n\t\t\t<style>\/*! elementor - v3.5.6 - 28-02-2022 *\/\n.elementor-heading-title{padding:0;margin:0;line-height:1}.elementor-widget-heading .elementor-heading-title[class*=elementor-size-]>a{color:inherit;font-size:inherit;line-height:inherit}.elementor-widget-heading .elementor-heading-title.elementor-size-small{font-size:15px}.elementor-widget-heading .elementor-heading-title.elementor-size-medium{font-size:19px}.elementor-widget-heading .elementor-heading-title.elementor-size-large{font-size:29px}.elementor-widget-heading .elementor-heading-title.elementor-size-xl{font-size:39px}.elementor-widget-heading .elementor-heading-title.elementor-size-xxl{font-size:59px}<\/style><h4 class=\"elementor-heading-title elementor-size-default\">Navieras de Lujo<\/h4>\t\t<\/div>\n\t\t\t\t<\/div>\n\t\t\t\t<div class=\"elementor-element elementor-element-b19c063 elementor-widget elementor-widget-text-editor\" data-id=\"b19c063\" data-element_type=\"widget\" data-widget_type=\"text-editor.default\">\n\t\t\t\t<div class=\"elementor-widget-container\">\n\t\t\t\t\t\t\t<p>Para los m\u00e1s exigentes y para quienes el lujo es una costumbre. Premiados constantemente, barcos impecables, lujosos, trato sofisticado y personalizado.\u00a0<\/p><p>Los cruceros de lujo son productos selectos, donde el hu\u00e9sped podr\u00e1 disfrutar de: Comida gourmet preparada por chefs de clase mundial, men\u00fa de almohadas y colchones, productos de tocador de grandes firmas, as\u00ed como mayordomos y diferentes amenidades de lujo.<\/p>\t\t\t\t\t\t<\/div>\n\t\t\t\t<\/div>\n\t\t\t\t\t<\/div>\n\t\t<\/div>\n\t\t\t\t<div class=\"elementor-column elementor-col-50 elementor-top-column elementor-element elementor-element-9602eb2\" data-id=\"9602eb2\" data-element_type=\"column\">\n\t\t\t<div class=\"elementor-widget-wrap elementor-element-populated\">\n\t\t\t\t\t\t\t\t<div class=\"elementor-element elementor-element-0f10b05 elementor-widget elementor-widget-image\" data-id=\"0f10b05\" data-element_type=\"widget\" data-widget_type=\"image.default\">\n\t\t\t\t<div class=\"elementor-widget-container\">\n\t\t\t<style>\/*! elementor - v3.5.6 - 28-02-2022 *\/\n.elementor-widget-image{text-align:center}.elementor-widget-image a{display:inline-block}.elementor-widget-image a img[src$=\".svg\"]{width:48px}.elementor-widget-image img{vertical-align:middle;display:inline-block}<\/style>\t\t\t\t\t\t\t\t\t\t\t\t<img width=\"1200\" height=\"777\" src=\"https:\/\/luisdonyel.com\/viajes\/wp-content\/uploads\/2022\/03\/celebrityequinox3.jpg\" class=\"attachment-full size-full\" alt=\"\" loading=\"lazy\" srcset=\"https:\/\/luisdonyel.com\/viajes\/wp-content\/uploads\/2022\/03\/celebrityequinox3.jpg 1200w, https:\/\/luisdonyel.com\/viajes\/wp-content\/uploads\/2022\/03\/celebrityequinox3-300x194.jpg 300w, https:\/\/luisdonyel.com\/viajes\/wp-content\/uploads\/2022\/03\/celebrityequinox3-1024x663.jpg 1024w, https:\/\/luisdonyel.com\/viajes\/wp-content\/uploads\/2022\/03\/celebrityequinox3-768x497.jpg 768w, https:\/\/luisdonyel.com\/viajes\/wp-content\/uploads\/2022\/03\/celebrityequinox3-600x389.jpg 600w\" sizes=\"(max-width: 1200px) 100vw, 1200px\" \/>\t\t\t\t\t\t\t\t\t\t\t\t\t\t\t<\/div>\n\t\t\t\t<\/div>\n\t\t\t\t\t<\/div>\n\t\t<\/div>\n\t\t\t\t\t\t\t<\/div>\n\t\t<\/section>\n\t\t\t\t<section class=\"elementor-section elementor-top-section elementor-element elementor-element-52f9269 elementor-section-content-middle elementor-section-boxed elementor-section-height-default elementor-section-height-default\" data-id=\"52f9269\" data-element_type=\"section\">\n\t\t\t\t\t\t<div class=\"elementor-container elementor-column-gap-no\">\n\t\t\t\t\t<div class=\"elementor-column elementor-col-100 elementor-top-column elementor-element elementor-element-6bd87f9\" data-id=\"6bd87f9\" data-element_type=\"column\">\n\t\t\t<div class=\"elementor-widget-wrap elementor-element-populated\">\n\t\t\t\t\t\t\t\t<section class=\"elementor-section elementor-inner-section elementor-element elementor-element-6c0b0ea elementor-section-boxed elementor-section-height-default elementor-section-height-default\" data-id=\"6c0b0ea\" data-element_type=\"section\">\n\t\t\t\t\t\t<div class=\"elementor-container elementor-column-gap-default\">\n\t\t\t\t\t<div class=\"elementor-column elementor-col-33 elementor-inner-column elementor-element elementor-element-9034172\" data-id=\"9034172\" data-element_type=\"column\" data-settings=\"{&quot;background_background&quot;:&quot;classic&quot;}\">\n\t\t\t<div class=\"elementor-widget-wrap elementor-element-populated\">\n\t\t\t\t\t\t\t\t<div class=\"elementor-element elementor-element-f3a5641 elementor-widget elementor-widget-image\" data-id=\"f3a5641\" data-element_type=\"widget\" data-widget_type=\"image.default\">\n\t\t\t\t<div class=\"elementor-widget-container\">\n\t\t\t\t\t\t\t\t\t\t\t\t\t\t\t<img width=\"900\" height=\"800\" src=\"https:\/\/luisdonyel.com\/viajes\/wp-content\/uploads\/2022\/03\/azamara.png\" class=\"elementor-animation-grow attachment-full size-full\" alt=\"\" loading=\"lazy\" srcset=\"https:\/\/luisdonyel.com\/viajes\/wp-content\/uploads\/2022\/03\/azamara.png 900w, https:\/\/luisdonyel.com\/viajes\/wp-content\/uploads\/2022\/03\/azamara-300x267.png 300w, https:\/\/luisdonyel.com\/viajes\/wp-content\/uploads\/2022\/03\/azamara-768x683.png 768w, https:\/\/luisdonyel.com\/viajes\/wp-content\/uploads\/2022\/03\/azamara-600x533.png 600w\" sizes=\"(max-width: 900px) 100vw, 900px\" \/>\t\t\t\t\t\t\t\t\t\t\t\t\t\t\t<\/div>\n\t\t\t\t<\/div>\n\t\t\t\t\t<\/div>\n\t\t<\/div>\n\t\t\t\t<div class=\"elementor-column elementor-col-33 elementor-inner-column elementor-element elementor-element-f12c792\" data-id=\"f12c792\" data-element_type=\"column\" data-settings=\"{&quot;background_background&quot;:&quot;classic&quot;}\">\n\t\t\t<div class=\"elementor-widget-wrap elementor-element-populated\">\n\t\t\t\t\t\t\t\t<div class=\"elementor-element elementor-element-c09efb8 elementor-widget elementor-widget-image\" data-id=\"c09efb8\" data-element_type=\"widget\" data-widget_type=\"image.default\">\n\t\t\t\t<div class=\"elementor-widget-container\">\n\t\t\t\t\t\t\t\t\t\t\t\t\t\t\t<img width=\"900\" height=\"800\" src=\"https:\/\/luisdonyel.com\/viajes\/wp-content\/uploads\/2022\/03\/celebrity.png\" class=\"elementor-animation-grow attachment-full size-full\" alt=\"\" loading=\"lazy\" srcset=\"https:\/\/luisdonyel.com\/viajes\/wp-content\/uploads\/2022\/03\/celebrity.png 900w, https:\/\/luisdonyel.com\/viajes\/wp-content\/uploads\/2022\/03\/celebrity-300x267.png 300w, https:\/\/luisdonyel.com\/viajes\/wp-content\/uploads\/2022\/03\/celebrity-768x683.png 768w, https:\/\/luisdonyel.com\/viajes\/wp-content\/uploads\/2022\/03\/celebrity-600x533.png 600w\" sizes=\"(max-width: 900px) 100vw, 900px\" \/>\t\t\t\t\t\t\t\t\t\t\t\t\t\t\t<\/div>\n\t\t\t\t<\/div>\n\t\t\t\t\t<\/div>\n\t\t<\/div>\n\t\t\t\t<div class=\"elementor-column elementor-col-33 elementor-inner-column elementor-element elementor-element-b9bd8b1\" data-id=\"b9bd8b1\" data-element_type=\"column\" data-settings=\"{&quot;background_background&quot;:&quot;classic&quot;}\">\n\t\t\t<div class=\"elementor-widget-wrap elementor-element-populated\">\n\t\t\t\t\t\t\t\t<div class=\"elementor-element elementor-element-ed8f412 elementor-widget elementor-widget-image\" data-id=\"ed8f412\" data-element_type=\"widget\" data-widget_type=\"image.default\">\n\t\t\t\t<div class=\"elementor-widget-container\">\n\t\t\t\t\t\t\t\t\t\t\t\t\t\t\t<img width=\"900\" height=\"800\" src=\"https:\/\/luisdonyel.com\/viajes\/wp-content\/uploads\/2022\/03\/crystal.png\" class=\"elementor-animation-grow attachment-full size-full\" alt=\"\" loading=\"lazy\" srcset=\"https:\/\/luisdonyel.com\/viajes\/wp-content\/uploads\/2022\/03\/crystal.png 900w, https:\/\/luisdonyel.com\/viajes\/wp-content\/uploads\/2022\/03\/crystal-300x267.png 300w, https:\/\/luisdonyel.com\/viajes\/wp-content\/uploads\/2022\/03\/crystal-768x683.png 768w, https:\/\/luisdonyel.com\/viajes\/wp-content\/uploads\/2022\/03\/crystal-600x533.png 600w\" sizes=\"(max-width: 900px) 100vw, 900px\" \/>\t\t\t\t\t\t\t\t\t\t\t\t\t\t\t<\/div>\n\t\t\t\t<\/div>\n\t\t\t\t\t<\/div>\n\t\t<\/div>\n\t\t\t\t\t\t\t<\/div>\n\t\t<\/section>\n\t\t\t\t<section class=\"elementor-section elementor-inner-section elementor-element elementor-element-9235370 elementor-section-boxed elementor-section-height-default elementor-section-height-default\" data-id=\"9235370\" data-element_type=\"section\">\n\t\t\t\t\t\t<div class=\"elementor-container elementor-column-gap-default\">\n\t\t\t\t\t<div class=\"elementor-column elementor-col-33 elementor-inner-column elementor-element elementor-element-1fb08b2\" data-id=\"1fb08b2\" data-element_type=\"column\" data-settings=\"{&quot;background_background&quot;:&quot;classic&quot;}\">\n\t\t\t<div class=\"elementor-widget-wrap elementor-element-populated\">\n\t\t\t\t\t\t\t\t<div class=\"elementor-element elementor-element-57dc05b elementor-widget elementor-widget-image\" data-id=\"57dc05b\" data-element_type=\"widget\" data-widget_type=\"image.default\">\n\t\t\t\t<div class=\"elementor-widget-container\">\n\t\t\t\t\t\t\t\t\t\t\t\t\t\t\t<img width=\"900\" height=\"800\" src=\"https:\/\/luisdonyel.com\/viajes\/wp-content\/uploads\/2022\/03\/cunrad.png\" class=\"elementor-animation-grow attachment-full size-full\" alt=\"\" loading=\"lazy\" srcset=\"https:\/\/luisdonyel.com\/viajes\/wp-content\/uploads\/2022\/03\/cunrad.png 900w, https:\/\/luisdonyel.com\/viajes\/wp-content\/uploads\/2022\/03\/cunrad-300x267.png 300w, https:\/\/luisdonyel.com\/viajes\/wp-content\/uploads\/2022\/03\/cunrad-768x683.png 768w, https:\/\/luisdonyel.com\/viajes\/wp-content\/uploads\/2022\/03\/cunrad-600x533.png 600w\" sizes=\"(max-width: 900px) 100vw, 900px\" \/>\t\t\t\t\t\t\t\t\t\t\t\t\t\t\t<\/div>\n\t\t\t\t<\/div>\n\t\t\t\t\t<\/div>\n\t\t<\/div>\n\t\t\t\t<div class=\"elementor-column elementor-col-33 elementor-inner-column elementor-element elementor-element-10d5acb\" data-id=\"10d5acb\" data-element_type=\"column\" data-settings=\"{&quot;background_background&quot;:&quot;classic&quot;}\">\n\t\t\t<div class=\"elementor-widget-wrap elementor-element-populated\">\n\t\t\t\t\t\t\t\t<div class=\"elementor-element elementor-element-c3fca70 elementor-widget elementor-widget-image\" data-id=\"c3fca70\" data-element_type=\"widget\" data-widget_type=\"image.default\">\n\t\t\t\t<div class=\"elementor-widget-container\">\n\t\t\t\t\t\t\t\t\t\t\t\t\t\t\t<img width=\"900\" height=\"800\" src=\"https:\/\/luisdonyel.com\/viajes\/wp-content\/uploads\/2022\/03\/hebridean.png\" class=\"elementor-animation-grow attachment-full size-full\" alt=\"\" loading=\"lazy\" srcset=\"https:\/\/luisdonyel.com\/viajes\/wp-content\/uploads\/2022\/03\/hebridean.png 900w, https:\/\/luisdonyel.com\/viajes\/wp-content\/uploads\/2022\/03\/hebridean-300x267.png 300w, https:\/\/luisdonyel.com\/viajes\/wp-content\/uploads\/2022\/03\/hebridean-768x683.png 768w, https:\/\/luisdonyel.com\/viajes\/wp-content\/uploads\/2022\/03\/hebridean-600x533.png 600w\" sizes=\"(max-width: 900px) 100vw, 900px\" \/>\t\t\t\t\t\t\t\t\t\t\t\t\t\t\t<\/div>\n\t\t\t\t<\/div>\n\t\t\t\t\t<\/div>\n\t\t<\/div>\n\t\t\t\t<div class=\"elementor-column elementor-col-33 elementor-inner-column elementor-element elementor-element-b70a863\" data-id=\"b70a863\" data-element_type=\"column\" data-settings=\"{&quot;background_background&quot;:&quot;classic&quot;}\">\n\t\t\t<div class=\"elementor-widget-wrap elementor-element-populated\">\n\t\t\t\t\t\t\t\t<div class=\"elementor-element elementor-element-ee04e16 elementor-widget elementor-widget-image\" data-id=\"ee04e16\" data-element_type=\"widget\" data-widget_type=\"image.default\">\n\t\t\t\t<div class=\"elementor-widget-container\">\n\t\t\t\t\t\t\t\t\t\t\t\t\t\t\t<img width=\"900\" height=\"800\" src=\"https:\/\/luisdonyel.com\/viajes\/wp-content\/uploads\/2022\/03\/oceania.png\" class=\"elementor-animation-grow attachment-full size-full\" alt=\"\" loading=\"lazy\" srcset=\"https:\/\/luisdonyel.com\/viajes\/wp-content\/uploads\/2022\/03\/oceania.png 900w, https:\/\/luisdonyel.com\/viajes\/wp-content\/uploads\/2022\/03\/oceania-300x267.png 300w, https:\/\/luisdonyel.com\/viajes\/wp-content\/uploads\/2022\/03\/oceania-768x683.png 768w, https:\/\/luisdonyel.com\/viajes\/wp-content\/uploads\/2022\/03\/oceania-600x533.png 600w\" sizes=\"(max-width: 900px) 100vw, 900px\" \/>\t\t\t\t\t\t\t\t\t\t\t\t\t\t\t<\/div>\n\t\t\t\t<\/div>\n\t\t\t\t\t<\/div>\n\t\t<\/div>\n\t\t\t\t\t\t\t<\/div>\n\t\t<\/section>\n\t\t\t\t<section class=\"elementor-section elementor-inner-section elementor-element elementor-element-13a33c1 elementor-section-boxed elementor-section-height-default elementor-section-height-default\" data-id=\"13a33c1\" data-element_type=\"section\">\n\t\t\t\t\t\t<div class=\"elementor-container elementor-column-gap-default\">\n\t\t\t\t\t<div class=\"elementor-column elementor-col-33 elementor-inner-column elementor-element elementor-element-dbff673\" data-id=\"dbff673\" data-element_type=\"column\" data-settings=\"{&quot;background_background&quot;:&quot;classic&quot;}\">\n\t\t\t<div class=\"elementor-widget-wrap elementor-element-populated\">\n\t\t\t\t\t\t\t\t<div class=\"elementor-element elementor-element-ab1bc6c elementor-widget elementor-widget-image\" data-id=\"ab1bc6c\" data-element_type=\"widget\" data-widget_type=\"image.default\">\n\t\t\t\t<div class=\"elementor-widget-container\">\n\t\t\t\t\t\t\t\t\t\t\t\t\t\t\t<img width=\"900\" height=\"800\" src=\"https:\/\/luisdonyel.com\/viajes\/wp-content\/uploads\/2022\/03\/paul.png\" class=\"elementor-animation-grow attachment-full size-full\" alt=\"\" loading=\"lazy\" srcset=\"https:\/\/luisdonyel.com\/viajes\/wp-content\/uploads\/2022\/03\/paul.png 900w, https:\/\/luisdonyel.com\/viajes\/wp-content\/uploads\/2022\/03\/paul-300x267.png 300w, https:\/\/luisdonyel.com\/viajes\/wp-content\/uploads\/2022\/03\/paul-768x683.png 768w, https:\/\/luisdonyel.com\/viajes\/wp-content\/uploads\/2022\/03\/paul-600x533.png 600w\" sizes=\"(max-width: 900px) 100vw, 900px\" \/>\t\t\t\t\t\t\t\t\t\t\t\t\t\t\t<\/div>\n\t\t\t\t<\/div>\n\t\t\t\t\t<\/div>\n\t\t<\/div>\n\t\t\t\t<div class=\"elementor-column elementor-col-33 elementor-inner-column elementor-element elementor-element-6e1de23\" data-id=\"6e1de23\" data-element_type=\"column\" data-settings=\"{&quot;background_background&quot;:&quot;classic&quot;}\">\n\t\t\t<div class=\"elementor-widget-wrap elementor-element-populated\">\n\t\t\t\t\t\t\t\t<div class=\"elementor-element elementor-element-9d63a0b elementor-widget elementor-widget-image\" data-id=\"9d63a0b\" data-element_type=\"widget\" data-widget_type=\"image.default\">\n\t\t\t\t<div class=\"elementor-widget-container\">\n\t\t\t\t\t\t\t\t\t\t\t\t\t\t\t<img width=\"900\" height=\"800\" src=\"https:\/\/luisdonyel.com\/viajes\/wp-content\/uploads\/2022\/03\/ponant2.png\" class=\"elementor-animation-grow attachment-full size-full\" alt=\"\" loading=\"lazy\" srcset=\"https:\/\/luisdonyel.com\/viajes\/wp-content\/uploads\/2022\/03\/ponant2.png 900w, https:\/\/luisdonyel.com\/viajes\/wp-content\/uploads\/2022\/03\/ponant2-300x267.png 300w, https:\/\/luisdonyel.com\/viajes\/wp-content\/uploads\/2022\/03\/ponant2-768x683.png 768w, https:\/\/luisdonyel.com\/viajes\/wp-content\/uploads\/2022\/03\/ponant2-600x533.png 600w\" sizes=\"(max-width: 900px) 100vw, 900px\" \/>\t\t\t\t\t\t\t\t\t\t\t\t\t\t\t<\/div>\n\t\t\t\t<\/div>\n\t\t\t\t\t<\/div>\n\t\t<\/div>\n\t\t\t\t<div class=\"elementor-column elementor-col-33 elementor-inner-column elementor-element elementor-element-7892571\" data-id=\"7892571\" data-element_type=\"column\" data-settings=\"{&quot;background_background&quot;:&quot;classic&quot;}\">\n\t\t\t<div class=\"elementor-widget-wrap elementor-element-populated\">\n\t\t\t\t\t\t\t\t<div class=\"elementor-element elementor-element-6209950 elementor-widget elementor-widget-image\" data-id=\"6209950\" data-element_type=\"widget\" data-widget_type=\"image.default\">\n\t\t\t\t<div class=\"elementor-widget-container\">\n\t\t\t\t\t\t\t\t\t\t\t\t\t\t\t<img width=\"900\" height=\"800\" src=\"https:\/\/luisdonyel.com\/viajes\/wp-content\/uploads\/2022\/03\/regent.png\" class=\"elementor-animation-grow attachment-full size-full\" alt=\"\" loading=\"lazy\" srcset=\"https:\/\/luisdonyel.com\/viajes\/wp-content\/uploads\/2022\/03\/regent.png 900w, https:\/\/luisdonyel.com\/viajes\/wp-content\/uploads\/2022\/03\/regent-300x267.png 300w, https:\/\/luisdonyel.com\/viajes\/wp-content\/uploads\/2022\/03\/regent-768x683.png 768w, https:\/\/luisdonyel.com\/viajes\/wp-content\/uploads\/2022\/03\/regent-600x533.png 600w\" sizes=\"(max-width: 900px) 100vw, 900px\" \/>\t\t\t\t\t\t\t\t\t\t\t\t\t\t\t<\/div>\n\t\t\t\t<\/div>\n\t\t\t\t\t<\/div>\n\t\t<\/div>\n\t\t\t\t\t\t\t<\/div>\n\t\t<\/section>\n\t\t\t\t<section class=\"elementor-section elementor-inner-section elementor-element elementor-element-9c0bdbb elementor-section-boxed elementor-section-height-default elementor-section-height-default\" data-id=\"9c0bdbb\" data-element_type=\"section\">\n\t\t\t\t\t\t<div class=\"elementor-container elementor-column-gap-default\">\n\t\t\t\t\t<div class=\"elementor-column elementor-col-33 elementor-inner-column elementor-element elementor-element-6820e7a\" data-id=\"6820e7a\" data-element_type=\"column\" data-settings=\"{&quot;background_background&quot;:&quot;classic&quot;}\">\n\t\t\t<div class=\"elementor-widget-wrap elementor-element-populated\">\n\t\t\t\t\t\t\t\t<div class=\"elementor-element elementor-element-c4bbd66 elementor-widget elementor-widget-image\" data-id=\"c4bbd66\" data-element_type=\"widget\" data-widget_type=\"image.default\">\n\t\t\t\t<div class=\"elementor-widget-container\">\n\t\t\t\t\t\t\t\t\t\t\t\t\t\t\t<img width=\"900\" height=\"800\" src=\"https:\/\/luisdonyel.com\/viajes\/wp-content\/uploads\/2022\/03\/seabourn.png\" class=\"elementor-animation-grow attachment-full size-full\" alt=\"\" loading=\"lazy\" srcset=\"https:\/\/luisdonyel.com\/viajes\/wp-content\/uploads\/2022\/03\/seabourn.png 900w, https:\/\/luisdonyel.com\/viajes\/wp-content\/uploads\/2022\/03\/seabourn-300x267.png 300w, https:\/\/luisdonyel.com\/viajes\/wp-content\/uploads\/2022\/03\/seabourn-768x683.png 768w, https:\/\/luisdonyel.com\/viajes\/wp-content\/uploads\/2022\/03\/seabourn-600x533.png 600w\" sizes=\"(max-width: 900px) 100vw, 900px\" \/>\t\t\t\t\t\t\t\t\t\t\t\t\t\t\t<\/div>\n\t\t\t\t<\/div>\n\t\t\t\t\t<\/div>\n\t\t<\/div>\n\t\t\t\t<div class=\"elementor-column elementor-col-33 elementor-inner-column elementor-element elementor-element-aa3c6c0\" data-id=\"aa3c6c0\" data-element_type=\"column\" data-settings=\"{&quot;background_background&quot;:&quot;classic&quot;}\">\n\t\t\t<div class=\"elementor-widget-wrap elementor-element-populated\">\n\t\t\t\t\t\t\t\t<div class=\"elementor-element elementor-element-6b6f5a0 elementor-widget elementor-widget-image\" data-id=\"6b6f5a0\" data-element_type=\"widget\" data-widget_type=\"image.default\">\n\t\t\t\t<div class=\"elementor-widget-container\">\n\t\t\t\t\t\t\t\t\t\t\t\t\t\t\t<img width=\"900\" height=\"800\" src=\"https:\/\/luisdonyel.com\/viajes\/wp-content\/uploads\/2022\/03\/silversea.png\" class=\"elementor-animation-grow attachment-full size-full\" alt=\"\" loading=\"lazy\" srcset=\"https:\/\/luisdonyel.com\/viajes\/wp-content\/uploads\/2022\/03\/silversea.png 900w, https:\/\/luisdonyel.com\/viajes\/wp-content\/uploads\/2022\/03\/silversea-300x267.png 300w, https:\/\/luisdonyel.com\/viajes\/wp-content\/uploads\/2022\/03\/silversea-768x683.png 768w, https:\/\/luisdonyel.com\/viajes\/wp-content\/uploads\/2022\/03\/silversea-600x533.png 600w\" sizes=\"(max-width: 900px) 100vw, 900px\" \/>\t\t\t\t\t\t\t\t\t\t\t\t\t\t\t<\/div>\n\t\t\t\t<\/div>\n\t\t\t\t\t<\/div>\n\t\t<\/div>\n\t\t\t\t<div class=\"elementor-column elementor-col-33 elementor-inner-column elementor-element elementor-element-deae0c3\" data-id=\"deae0c3\" data-element_type=\"column\">\n\t\t\t<div class=\"elementor-widget-wrap\">\n\t\t\t\t\t\t\t\t\t<\/div>\n\t\t<\/div>\n\t\t\t\t\t\t\t<\/div>\n\t\t<\/section>\n\t\t\t\t\t<\/div>\n\t\t<\/div>\n\t\t\t\t\t\t\t<\/div>\n\t\t<\/section>\n\t\t\t\t\t\t<\/div>\n\t\t\t\t\t<\/div>\n\t\t","protected":false},"excerpt":{"rendered":"<p>Cruceros Navieras de Lujo Para los m\u00e1s exigentes y para quienes el lujo es una costumbre. Premiados constantemente, barcos impecables, lujosos, trato sofisticado y personalizado.\u00a0 Los cruceros de lujo son productos selectos, donde el hu\u00e9sped podr\u00e1 disfrutar de: Comida gourmet preparada por chefs de clase mundial, men\u00fa de almohadas y colchones, productos de tocador de [&hellip;]<\/p>\n","protected":false},"author":2,"featured_media":0,"parent":0,"menu_order":0,"comment_status":"closed","ping_status":"closed","template":"","meta":{"om_disable_all_campaigns":false,"_monsterinsights_skip_tracking":false,"_monsterinsights_sitenote_active":false,"_monsterinsights_sitenote_note":"","_monsterinsights_sitenote_category":0},"_links":{"self":[{"href":"https:\/\/luisdonyel.com\/viajes\/wp-json\/wp\/v2\/pages\/7853"}],"collection":[{"href":"https:\/\/luisdonyel.com\/viajes\/wp-json\/wp\/v2\/pages"}],"about":[{"href":"https:\/\/luisdonyel.com\/viajes\/wp-json\/wp\/v2\/types\/page"}],"author":[{"embeddable":true,"href":"https:\/\/luisdonyel.com\/viajes\/wp-json\/wp\/v2\/users\/2"}],"replies":[{"embeddable":true,"href":"https:\/\/luisdonyel.com\/viajes\/wp-json\/wp\/v2\/comments?post=7853"}],"version-history":[{"count":7,"href":"https:\/\/luisdonyel.com\/viajes\/wp-json\/wp\/v2\/pages\/7853\/revisions"}],"predecessor-version":[{"id":7873,"href":"https:\/\/luisdonyel.com\/viajes\/wp-json\/wp\/v2\/pages\/7853\/revisions\/7873"}],"wp:attachment":[{"href":"https:\/\/luisdonyel.com\/viajes\/wp-json\/wp\/v2\/media?parent=7853"}],"curies":[{"name":"wp","href":"https:\/\/api.w.org\/{rel}","templated":true}]}}