{"id":7590,"date":"2022-03-01T17:40:42","date_gmt":"2022-03-01T17:40:42","guid":{"rendered":"https:\/\/luisdonyel.com\/viajes\/?page_id=7590"},"modified":"2022-03-01T18:40:34","modified_gmt":"2022-03-01T18:40:34","slug":"navieras","status":"publish","type":"page","link":"https:\/\/luisdonyel.com\/viajes\/navieras\/","title":{"rendered":"Navieras"},"content":{"rendered":"\t\t<div data-elementor-type=\"wp-page\" data-elementor-id=\"7590\" class=\"elementor elementor-7590\" data-elementor-settings=\"[]\">\n\t\t\t\t\t\t\t<div class=\"elementor-section-wrap\">\n\t\t\t\t\t\t\t<section class=\"elementor-section elementor-top-section elementor-element elementor-element-776ab644 elementor-section-content-middle elementor-reverse-mobile elementor-section-boxed elementor-section-height-default elementor-section-height-default\" data-id=\"776ab644\" data-element_type=\"section\">\n\t\t\t\t\t\t<div class=\"elementor-container elementor-column-gap-no\">\n\t\t\t\t\t<div class=\"elementor-column elementor-col-50 elementor-top-column elementor-element elementor-element-79a72053\" data-id=\"79a72053\" data-element_type=\"column\">\n\t\t\t<div class=\"elementor-widget-wrap elementor-element-populated\">\n\t\t\t\t\t\t\t\t<div class=\"elementor-element elementor-element-8ff136b elementor-widget elementor-widget-text-editor\" data-id=\"8ff136b\" data-element_type=\"widget\" data-widget_type=\"text-editor.default\">\n\t\t\t\t<div class=\"elementor-widget-container\">\n\t\t\t<style>\/*! elementor - v3.5.6 - 28-02-2022 *\/\n.elementor-widget-text-editor.elementor-drop-cap-view-stacked .elementor-drop-cap{background-color:#818a91;color:#fff}.elementor-widget-text-editor.elementor-drop-cap-view-framed .elementor-drop-cap{color:#818a91;border:3px solid;background-color:transparent}.elementor-widget-text-editor:not(.elementor-drop-cap-view-default) .elementor-drop-cap{margin-top:8px}.elementor-widget-text-editor:not(.elementor-drop-cap-view-default) .elementor-drop-cap-letter{width:1em;height:1em}.elementor-widget-text-editor .elementor-drop-cap{float:left;text-align:center;line-height:1;font-size:50px}.elementor-widget-text-editor .elementor-drop-cap-letter{display:inline-block}<\/style>\t\t\t\t<p>Cruceros<\/p>\t\t\t\t\t\t<\/div>\n\t\t\t\t<\/div>\n\t\t\t\t<div class=\"elementor-element elementor-element-35e0c89a elementor-widget elementor-widget-heading\" data-id=\"35e0c89a\" data-element_type=\"widget\" data-widget_type=\"heading.default\">\n\t\t\t\t<div class=\"elementor-widget-container\">\n\t\t\t<style>\/*! elementor - v3.5.6 - 28-02-2022 *\/\n.elementor-heading-title{padding:0;margin:0;line-height:1}.elementor-widget-heading .elementor-heading-title[class*=elementor-size-]>a{color:inherit;font-size:inherit;line-height:inherit}.elementor-widget-heading .elementor-heading-title.elementor-size-small{font-size:15px}.elementor-widget-heading .elementor-heading-title.elementor-size-medium{font-size:19px}.elementor-widget-heading .elementor-heading-title.elementor-size-large{font-size:29px}.elementor-widget-heading .elementor-heading-title.elementor-size-xl{font-size:39px}.elementor-widget-heading .elementor-heading-title.elementor-size-xxl{font-size:59px}<\/style><h4 class=\"elementor-heading-title elementor-size-default\">Navieras Comerciales<\/h4>\t\t<\/div>\n\t\t\t\t<\/div>\n\t\t\t\t<div class=\"elementor-element elementor-element-533ce5cf elementor-widget elementor-widget-text-editor\" data-id=\"533ce5cf\" data-element_type=\"widget\" data-widget_type=\"text-editor.default\">\n\t\t\t\t<div class=\"elementor-widget-container\">\n\t\t\t\t\t\t\t<p style=\"text-align: justify\">En estos cruceros se puede disfrutar de los destinos y ciudades m\u00e1s populares alrededor del mundo. Barcos con atractivos para todos, llenos de actividades divertidas y relajantes para todas las edades.\n<\/p>\n<p style=\"text-align: justify\">\nDisfrute de las m\u00e1s diversas opciones para comer, o bien rel\u00e1jese en alg\u00fan bar de estos inmensos barcos.\n<\/p>\t\t\t\t\t\t<\/div>\n\t\t\t\t<\/div>\n\t\t\t\t\t<\/div>\n\t\t<\/div>\n\t\t\t\t<div class=\"elementor-column elementor-col-50 elementor-top-column elementor-element elementor-element-4a59d9ee\" data-id=\"4a59d9ee\" data-element_type=\"column\">\n\t\t\t<div class=\"elementor-widget-wrap elementor-element-populated\">\n\t\t\t\t\t\t\t\t<div class=\"elementor-element elementor-element-444d25ae elementor-widget elementor-widget-image\" data-id=\"444d25ae\" data-element_type=\"widget\" data-widget_type=\"image.default\">\n\t\t\t\t<div class=\"elementor-widget-container\">\n\t\t\t<style>\/*! elementor - v3.5.6 - 28-02-2022 *\/\n.elementor-widget-image{text-align:center}.elementor-widget-image a{display:inline-block}.elementor-widget-image a img[src$=\".svg\"]{width:48px}.elementor-widget-image img{vertical-align:middle;display:inline-block}<\/style>\t\t\t\t\t\t\t\t\t\t\t\t<img width=\"657\" height=\"437\" src=\"https:\/\/luisdonyel.com\/viajes\/wp-content\/uploads\/2022\/03\/PRUHWTHRRZEM3GZTGYNX7X6QXY.jpg\" class=\"attachment-full size-full\" alt=\"\" loading=\"lazy\" srcset=\"https:\/\/luisdonyel.com\/viajes\/wp-content\/uploads\/2022\/03\/PRUHWTHRRZEM3GZTGYNX7X6QXY.jpg 657w, https:\/\/luisdonyel.com\/viajes\/wp-content\/uploads\/2022\/03\/PRUHWTHRRZEM3GZTGYNX7X6QXY-300x200.jpg 300w, https:\/\/luisdonyel.com\/viajes\/wp-content\/uploads\/2022\/03\/PRUHWTHRRZEM3GZTGYNX7X6QXY-600x399.jpg 600w\" sizes=\"(max-width: 657px) 100vw, 657px\" \/>\t\t\t\t\t\t\t\t\t\t\t\t\t\t\t<\/div>\n\t\t\t\t<\/div>\n\t\t\t\t\t<\/div>\n\t\t<\/div>\n\t\t\t\t\t\t\t<\/div>\n\t\t<\/section>\n\t\t\t\t<section class=\"elementor-section elementor-top-section elementor-element elementor-element-7f83e828 elementor-section-content-middle elementor-section-boxed elementor-section-height-default elementor-section-height-default\" data-id=\"7f83e828\" data-element_type=\"section\">\n\t\t\t\t\t\t<div class=\"elementor-container elementor-column-gap-no\">\n\t\t\t\t\t<div class=\"elementor-column elementor-col-100 elementor-top-column elementor-element elementor-element-357bca01\" data-id=\"357bca01\" data-element_type=\"column\">\n\t\t\t<div class=\"elementor-widget-wrap elementor-element-populated\">\n\t\t\t\t\t\t\t\t<section class=\"elementor-section elementor-inner-section elementor-element elementor-element-af3e279 elementor-section-boxed elementor-section-height-default elementor-section-height-default\" data-id=\"af3e279\" data-element_type=\"section\">\n\t\t\t\t\t\t<div class=\"elementor-container elementor-column-gap-default\">\n\t\t\t\t\t<div class=\"elementor-column elementor-col-33 elementor-inner-column elementor-element elementor-element-1e13f923\" data-id=\"1e13f923\" data-element_type=\"column\" data-settings=\"{&quot;background_background&quot;:&quot;classic&quot;}\">\n\t\t\t<div class=\"elementor-widget-wrap elementor-element-populated\">\n\t\t\t\t\t\t\t\t<div class=\"elementor-element elementor-element-11bdace9 elementor-widget elementor-widget-image\" data-id=\"11bdace9\" data-element_type=\"widget\" data-widget_type=\"image.default\">\n\t\t\t\t<div class=\"elementor-widget-container\">\n\t\t\t\t\t\t\t\t\t\t\t\t\t\t\t<img width=\"900\" height=\"800\" src=\"https:\/\/luisdonyel.com\/viajes\/wp-content\/uploads\/2022\/03\/carnival.png\" class=\"elementor-animation-grow attachment-full size-full\" alt=\"\" loading=\"lazy\" srcset=\"https:\/\/luisdonyel.com\/viajes\/wp-content\/uploads\/2022\/03\/carnival.png 900w, https:\/\/luisdonyel.com\/viajes\/wp-content\/uploads\/2022\/03\/carnival-300x267.png 300w, https:\/\/luisdonyel.com\/viajes\/wp-content\/uploads\/2022\/03\/carnival-768x683.png 768w, https:\/\/luisdonyel.com\/viajes\/wp-content\/uploads\/2022\/03\/carnival-600x533.png 600w\" sizes=\"(max-width: 900px) 100vw, 900px\" \/>\t\t\t\t\t\t\t\t\t\t\t\t\t\t\t<\/div>\n\t\t\t\t<\/div>\n\t\t\t\t\t<\/div>\n\t\t<\/div>\n\t\t\t\t<div class=\"elementor-column elementor-col-33 elementor-inner-column elementor-element elementor-element-d3ec6d3\" data-id=\"d3ec6d3\" data-element_type=\"column\" data-settings=\"{&quot;background_background&quot;:&quot;classic&quot;}\">\n\t\t\t<div class=\"elementor-widget-wrap elementor-element-populated\">\n\t\t\t\t\t\t\t\t<div class=\"elementor-element elementor-element-808a80b elementor-widget elementor-widget-image\" data-id=\"808a80b\" data-element_type=\"widget\" data-widget_type=\"image.default\">\n\t\t\t\t<div class=\"elementor-widget-container\">\n\t\t\t\t\t\t\t\t\t\t\t\t\t\t\t<img width=\"900\" height=\"800\" src=\"https:\/\/luisdonyel.com\/viajes\/wp-content\/uploads\/2022\/03\/celestyal.png\" class=\"elementor-animation-grow attachment-full size-full\" alt=\"\" loading=\"lazy\" srcset=\"https:\/\/luisdonyel.com\/viajes\/wp-content\/uploads\/2022\/03\/celestyal.png 900w, https:\/\/luisdonyel.com\/viajes\/wp-content\/uploads\/2022\/03\/celestyal-300x267.png 300w, https:\/\/luisdonyel.com\/viajes\/wp-content\/uploads\/2022\/03\/celestyal-768x683.png 768w, https:\/\/luisdonyel.com\/viajes\/wp-content\/uploads\/2022\/03\/celestyal-600x533.png 600w\" sizes=\"(max-width: 900px) 100vw, 900px\" \/>\t\t\t\t\t\t\t\t\t\t\t\t\t\t\t<\/div>\n\t\t\t\t<\/div>\n\t\t\t\t\t<\/div>\n\t\t<\/div>\n\t\t\t\t<div class=\"elementor-column elementor-col-33 elementor-inner-column elementor-element elementor-element-66ba581\" data-id=\"66ba581\" data-element_type=\"column\" data-settings=\"{&quot;background_background&quot;:&quot;classic&quot;}\">\n\t\t\t<div class=\"elementor-widget-wrap elementor-element-populated\">\n\t\t\t\t\t\t\t\t<div class=\"elementor-element elementor-element-39762d6 elementor-widget elementor-widget-image\" data-id=\"39762d6\" data-element_type=\"widget\" data-widget_type=\"image.default\">\n\t\t\t\t<div class=\"elementor-widget-container\">\n\t\t\t\t\t\t\t\t\t\t\t\t\t\t\t<img width=\"900\" height=\"800\" src=\"https:\/\/luisdonyel.com\/viajes\/wp-content\/uploads\/2022\/03\/costa.png\" class=\"elementor-animation-grow attachment-full size-full\" alt=\"\" loading=\"lazy\" srcset=\"https:\/\/luisdonyel.com\/viajes\/wp-content\/uploads\/2022\/03\/costa.png 900w, https:\/\/luisdonyel.com\/viajes\/wp-content\/uploads\/2022\/03\/costa-300x267.png 300w, https:\/\/luisdonyel.com\/viajes\/wp-content\/uploads\/2022\/03\/costa-768x683.png 768w, https:\/\/luisdonyel.com\/viajes\/wp-content\/uploads\/2022\/03\/costa-600x533.png 600w\" sizes=\"(max-width: 900px) 100vw, 900px\" \/>\t\t\t\t\t\t\t\t\t\t\t\t\t\t\t<\/div>\n\t\t\t\t<\/div>\n\t\t\t\t\t<\/div>\n\t\t<\/div>\n\t\t\t\t\t\t\t<\/div>\n\t\t<\/section>\n\t\t\t\t<section class=\"elementor-section elementor-inner-section elementor-element elementor-element-a5ae76b elementor-section-boxed elementor-section-height-default elementor-section-height-default\" data-id=\"a5ae76b\" data-element_type=\"section\">\n\t\t\t\t\t\t<div class=\"elementor-container elementor-column-gap-default\">\n\t\t\t\t\t<div class=\"elementor-column elementor-col-33 elementor-inner-column elementor-element elementor-element-1887d8f\" data-id=\"1887d8f\" data-element_type=\"column\" data-settings=\"{&quot;background_background&quot;:&quot;classic&quot;}\">\n\t\t\t<div class=\"elementor-widget-wrap elementor-element-populated\">\n\t\t\t\t\t\t\t\t<div class=\"elementor-element elementor-element-8825c46 elementor-widget elementor-widget-image\" data-id=\"8825c46\" data-element_type=\"widget\" data-widget_type=\"image.default\">\n\t\t\t\t<div class=\"elementor-widget-container\">\n\t\t\t\t\t\t\t\t\t\t\t\t\t\t\t<img width=\"900\" height=\"800\" src=\"https:\/\/luisdonyel.com\/viajes\/wp-content\/uploads\/2022\/03\/disney.png\" class=\"elementor-animation-grow attachment-full size-full\" alt=\"\" loading=\"lazy\" srcset=\"https:\/\/luisdonyel.com\/viajes\/wp-content\/uploads\/2022\/03\/disney.png 900w, https:\/\/luisdonyel.com\/viajes\/wp-content\/uploads\/2022\/03\/disney-300x267.png 300w, https:\/\/luisdonyel.com\/viajes\/wp-content\/uploads\/2022\/03\/disney-768x683.png 768w, https:\/\/luisdonyel.com\/viajes\/wp-content\/uploads\/2022\/03\/disney-600x533.png 600w\" sizes=\"(max-width: 900px) 100vw, 900px\" \/>\t\t\t\t\t\t\t\t\t\t\t\t\t\t\t<\/div>\n\t\t\t\t<\/div>\n\t\t\t\t\t<\/div>\n\t\t<\/div>\n\t\t\t\t<div class=\"elementor-column elementor-col-33 elementor-inner-column elementor-element elementor-element-5635db8\" data-id=\"5635db8\" data-element_type=\"column\" data-settings=\"{&quot;background_background&quot;:&quot;classic&quot;}\">\n\t\t\t<div class=\"elementor-widget-wrap elementor-element-populated\">\n\t\t\t\t\t\t\t\t<div class=\"elementor-element elementor-element-a3cacef elementor-widget elementor-widget-image\" data-id=\"a3cacef\" data-element_type=\"widget\" data-widget_type=\"image.default\">\n\t\t\t\t<div class=\"elementor-widget-container\">\n\t\t\t\t\t\t\t\t\t\t\t\t\t\t\t<img width=\"900\" height=\"800\" src=\"https:\/\/luisdonyel.com\/viajes\/wp-content\/uploads\/2022\/03\/kisspng-holland-america-line-cruise-ship-cruise-line-unite-5afc55ab2e1540.1856455715264864431888.png\" class=\"elementor-animation-grow attachment-full size-full\" alt=\"\" loading=\"lazy\" srcset=\"https:\/\/luisdonyel.com\/viajes\/wp-content\/uploads\/2022\/03\/kisspng-holland-america-line-cruise-ship-cruise-line-unite-5afc55ab2e1540.1856455715264864431888.png 900w, https:\/\/luisdonyel.com\/viajes\/wp-content\/uploads\/2022\/03\/kisspng-holland-america-line-cruise-ship-cruise-line-unite-5afc55ab2e1540.1856455715264864431888-300x267.png 300w, https:\/\/luisdonyel.com\/viajes\/wp-content\/uploads\/2022\/03\/kisspng-holland-america-line-cruise-ship-cruise-line-unite-5afc55ab2e1540.1856455715264864431888-768x683.png 768w, https:\/\/luisdonyel.com\/viajes\/wp-content\/uploads\/2022\/03\/kisspng-holland-america-line-cruise-ship-cruise-line-unite-5afc55ab2e1540.1856455715264864431888-600x533.png 600w\" sizes=\"(max-width: 900px) 100vw, 900px\" \/>\t\t\t\t\t\t\t\t\t\t\t\t\t\t\t<\/div>\n\t\t\t\t<\/div>\n\t\t\t\t\t<\/div>\n\t\t<\/div>\n\t\t\t\t<div class=\"elementor-column elementor-col-33 elementor-inner-column elementor-element elementor-element-4447af6\" data-id=\"4447af6\" data-element_type=\"column\" data-settings=\"{&quot;background_background&quot;:&quot;classic&quot;}\">\n\t\t\t<div class=\"elementor-widget-wrap elementor-element-populated\">\n\t\t\t\t\t\t\t\t<div class=\"elementor-element elementor-element-bc5ecab elementor-widget elementor-widget-image\" data-id=\"bc5ecab\" data-element_type=\"widget\" data-widget_type=\"image.default\">\n\t\t\t\t<div class=\"elementor-widget-container\">\n\t\t\t\t\t\t\t\t\t\t\t\t\t\t\t<img width=\"900\" height=\"800\" src=\"https:\/\/luisdonyel.com\/viajes\/wp-content\/uploads\/2022\/03\/holland.png\" class=\"elementor-animation-grow attachment-full size-full\" alt=\"\" loading=\"lazy\" srcset=\"https:\/\/luisdonyel.com\/viajes\/wp-content\/uploads\/2022\/03\/holland.png 900w, https:\/\/luisdonyel.com\/viajes\/wp-content\/uploads\/2022\/03\/holland-300x267.png 300w, https:\/\/luisdonyel.com\/viajes\/wp-content\/uploads\/2022\/03\/holland-768x683.png 768w, https:\/\/luisdonyel.com\/viajes\/wp-content\/uploads\/2022\/03\/holland-600x533.png 600w\" sizes=\"(max-width: 900px) 100vw, 900px\" \/>\t\t\t\t\t\t\t\t\t\t\t\t\t\t\t<\/div>\n\t\t\t\t<\/div>\n\t\t\t\t\t<\/div>\n\t\t<\/div>\n\t\t\t\t\t\t\t<\/div>\n\t\t<\/section>\n\t\t\t\t<section class=\"elementor-section elementor-inner-section elementor-element elementor-element-89f6ced elementor-section-boxed elementor-section-height-default elementor-section-height-default\" data-id=\"89f6ced\" data-element_type=\"section\">\n\t\t\t\t\t\t<div class=\"elementor-container elementor-column-gap-default\">\n\t\t\t\t\t<div class=\"elementor-column elementor-col-33 elementor-inner-column elementor-element elementor-element-03edada\" data-id=\"03edada\" data-element_type=\"column\" data-settings=\"{&quot;background_background&quot;:&quot;classic&quot;}\">\n\t\t\t<div class=\"elementor-widget-wrap elementor-element-populated\">\n\t\t\t\t\t\t\t\t<div class=\"elementor-element elementor-element-d53bf2b elementor-widget elementor-widget-image\" data-id=\"d53bf2b\" data-element_type=\"widget\" data-widget_type=\"image.default\">\n\t\t\t\t<div class=\"elementor-widget-container\">\n\t\t\t\t\t\t\t\t\t\t\t\t\t\t\t<img width=\"900\" height=\"800\" src=\"https:\/\/luisdonyel.com\/viajes\/wp-content\/uploads\/2022\/03\/norewgian.png\" class=\"elementor-animation-grow attachment-full size-full\" alt=\"\" loading=\"lazy\" srcset=\"https:\/\/luisdonyel.com\/viajes\/wp-content\/uploads\/2022\/03\/norewgian.png 900w, https:\/\/luisdonyel.com\/viajes\/wp-content\/uploads\/2022\/03\/norewgian-300x267.png 300w, https:\/\/luisdonyel.com\/viajes\/wp-content\/uploads\/2022\/03\/norewgian-768x683.png 768w, https:\/\/luisdonyel.com\/viajes\/wp-content\/uploads\/2022\/03\/norewgian-600x533.png 600w\" sizes=\"(max-width: 900px) 100vw, 900px\" \/>\t\t\t\t\t\t\t\t\t\t\t\t\t\t\t<\/div>\n\t\t\t\t<\/div>\n\t\t\t\t\t<\/div>\n\t\t<\/div>\n\t\t\t\t<div class=\"elementor-column elementor-col-33 elementor-inner-column elementor-element elementor-element-4e55a13\" data-id=\"4e55a13\" data-element_type=\"column\" data-settings=\"{&quot;background_background&quot;:&quot;classic&quot;}\">\n\t\t\t<div class=\"elementor-widget-wrap elementor-element-populated\">\n\t\t\t\t\t\t\t\t<div class=\"elementor-element elementor-element-3efa214 elementor-widget elementor-widget-image\" data-id=\"3efa214\" data-element_type=\"widget\" data-widget_type=\"image.default\">\n\t\t\t\t<div class=\"elementor-widget-container\">\n\t\t\t\t\t\t\t\t\t\t\t\t\t\t\t<img width=\"900\" height=\"800\" src=\"https:\/\/luisdonyel.com\/viajes\/wp-content\/uploads\/2022\/03\/princess.png\" class=\"elementor-animation-grow attachment-full size-full\" alt=\"\" loading=\"lazy\" srcset=\"https:\/\/luisdonyel.com\/viajes\/wp-content\/uploads\/2022\/03\/princess.png 900w, https:\/\/luisdonyel.com\/viajes\/wp-content\/uploads\/2022\/03\/princess-300x267.png 300w, https:\/\/luisdonyel.com\/viajes\/wp-content\/uploads\/2022\/03\/princess-768x683.png 768w, https:\/\/luisdonyel.com\/viajes\/wp-content\/uploads\/2022\/03\/princess-600x533.png 600w\" sizes=\"(max-width: 900px) 100vw, 900px\" \/>\t\t\t\t\t\t\t\t\t\t\t\t\t\t\t<\/div>\n\t\t\t\t<\/div>\n\t\t\t\t\t<\/div>\n\t\t<\/div>\n\t\t\t\t<div class=\"elementor-column elementor-col-33 elementor-inner-column elementor-element elementor-element-322a5e8\" data-id=\"322a5e8\" data-element_type=\"column\" data-settings=\"{&quot;background_background&quot;:&quot;classic&quot;}\">\n\t\t\t<div class=\"elementor-widget-wrap elementor-element-populated\">\n\t\t\t\t\t\t\t\t<div class=\"elementor-element elementor-element-80ad411 elementor-widget elementor-widget-image\" data-id=\"80ad411\" data-element_type=\"widget\" data-widget_type=\"image.default\">\n\t\t\t\t<div class=\"elementor-widget-container\">\n\t\t\t\t\t\t\t\t\t\t\t\t\t\t\t<img width=\"900\" height=\"800\" src=\"https:\/\/luisdonyel.com\/viajes\/wp-content\/uploads\/2022\/03\/royal.png\" class=\"elementor-animation-grow attachment-full size-full\" alt=\"\" loading=\"lazy\" srcset=\"https:\/\/luisdonyel.com\/viajes\/wp-content\/uploads\/2022\/03\/royal.png 900w, https:\/\/luisdonyel.com\/viajes\/wp-content\/uploads\/2022\/03\/royal-300x267.png 300w, https:\/\/luisdonyel.com\/viajes\/wp-content\/uploads\/2022\/03\/royal-768x683.png 768w, https:\/\/luisdonyel.com\/viajes\/wp-content\/uploads\/2022\/03\/royal-600x533.png 600w\" sizes=\"(max-width: 900px) 100vw, 900px\" \/>\t\t\t\t\t\t\t\t\t\t\t\t\t\t\t<\/div>\n\t\t\t\t<\/div>\n\t\t\t\t\t<\/div>\n\t\t<\/div>\n\t\t\t\t\t\t\t<\/div>\n\t\t<\/section>\n\t\t\t\t\t<\/div>\n\t\t<\/div>\n\t\t\t\t\t\t\t<\/div>\n\t\t<\/section>\n\t\t\t\t\t\t<\/div>\n\t\t\t\t\t<\/div>\n\t\t","protected":false},"excerpt":{"rendered":"<p>Cruceros Navieras Comerciales En estos cruceros se puede disfrutar de los destinos y ciudades m\u00e1s populares alrededor del mundo. Barcos con atractivos para todos, llenos de actividades divertidas y relajantes para todas las edades. Disfrute de las m\u00e1s diversas opciones para comer, o bien rel\u00e1jese en alg\u00fan bar de estos inmensos barcos.<\/p>\n","protected":false},"author":2,"featured_media":0,"parent":0,"menu_order":0,"comment_status":"closed","ping_status":"closed","template":"","meta":{"om_disable_all_campaigns":false,"_monsterinsights_skip_tracking":false,"_monsterinsights_sitenote_active":false,"_monsterinsights_sitenote_note":"","_monsterinsights_sitenote_category":0},"_links":{"self":[{"href":"https:\/\/luisdonyel.com\/viajes\/wp-json\/wp\/v2\/pages\/7590"}],"collection":[{"href":"https:\/\/luisdonyel.com\/viajes\/wp-json\/wp\/v2\/pages"}],"about":[{"href":"https:\/\/luisdonyel.com\/viajes\/wp-json\/wp\/v2\/types\/page"}],"author":[{"embeddable":true,"href":"https:\/\/luisdonyel.com\/viajes\/wp-json\/wp\/v2\/users\/2"}],"replies":[{"embeddable":true,"href":"https:\/\/luisdonyel.com\/viajes\/wp-json\/wp\/v2\/comments?post=7590"}],"version-history":[{"count":35,"href":"https:\/\/luisdonyel.com\/viajes\/wp-json\/wp\/v2\/pages\/7590\/revisions"}],"predecessor-version":[{"id":7704,"href":"https:\/\/luisdonyel.com\/viajes\/wp-json\/wp\/v2\/pages\/7590\/revisions\/7704"}],"wp:attachment":[{"href":"https:\/\/luisdonyel.com\/viajes\/wp-json\/wp\/v2\/media?parent=7590"}],"curies":[{"name":"wp","href":"https:\/\/api.w.org\/{rel}","templated":true}]}}